{"id":1406,"date":"2018-05-03T19:33:13","date_gmt":"2018-05-03T17:33:13","guid":{"rendered":"http:\/\/localhost\/?page_id=1406"},"modified":"2026-01-23T14:50:18","modified_gmt":"2026-01-23T13:50:18","slug":"impressum","status":"publish","type":"page","link":"https:\/\/hospizverein-wattenscheid.de\/neu\/kontakt\/impressum\/","title":{"rendered":"Impressum"},"content":{"rendered":"<div class=\"fusion-fullwidth fullwidth-box fusion-builder-row-1 fusion-flex-container nonhundred-percent-fullwidth non-hundred-percent-height-scrolling\" style=\"--awb-border-radius-top-left:0px;--awb-border-radius-top-right:0px;--awb-border-radius-bottom-right:0px;--awb-border-radius-bottom-left:0px;--awb-padding-top:25px;--awb-padding-right:8%;--awb-padding-bottom:25px;--awb-padding-left:8%;--awb-flex-wrap:wrap;\" ><div class=\"fusion-builder-row fusion-row fusion-flex-align-items-flex-start fusion-flex-content-wrap\" style=\"max-width:1331.2px;margin-left: calc(-4% \/ 2 );margin-right: calc(-4% \/ 2 );\"><div class=\"fusion-layout-column fusion_builder_column fusion-builder-column-0 fusion_builder_column_1_1 1_1 fusion-flex-column\" style=\"--awb-bg-size:cover;--awb-width-large:100%;--awb-margin-top-large:0px;--awb-spacing-right-large:1.92%;--awb-margin-bottom-large:20px;--awb-spacing-left-large:1.92%;--awb-width-medium:100%;--awb-spacing-right-medium:1.92%;--awb-spacing-left-medium:1.92%;--awb-width-small:100%;--awb-spacing-right-small:1.92%;--awb-spacing-left-small:1.92%;\"><div class=\"fusion-column-wrapper fusion-flex-justify-content-flex-start fusion-content-layout-column\"><div class=\"fusion-text fusion-text-1\"><h1>Impressum<\/h1>\n<div id=\"c31\" class=\"csc-default\">\n<p>Hospizverein Wattenscheid e.V.<br \/>\nAn der Papenburg 9<br \/>\n44866 Bochum-Wattenscheid<\/p>\n<p>Telefon: 02327 9335555 oder 0171 7571994<br \/>\nTelefax: 02327 903415<\/p>\n<p>E-Mail: <a>info@hospizverein-wattenscheid.de<\/a><br \/>\nInternet: <a href=\"http:\/\/www.hospizverein-wattenscheid.de\/\">www.hospizverein-wattenscheid.de<\/a><\/p>\n<p>Vorsitzende: Anke Schulz-Najda<\/p>\n<p>Der Hospizverein Wattenscheid e.V. wird vertreten durch:<br \/>\nGesch\u00e4ftsf\u00fchrendes Vorstandsmitglied Wolfgang Jaspert<\/p>\n<p>Telefon: 02327.5 56 89<br \/>\nTelefax: 02327.58 66 86<\/p>\n<p>Registergericht: Amtsgericht Bochum<br \/>\nVereinsregister<br \/>\nRegisternummer: VR 2746<\/p>\n<div>\n<p>Inhaltlich verantwortlich:<br \/>\nWolfgang Jaspert, Am Luftschacht 27, 44869 Bochum<\/p>\n<\/div>\n<p>Gestaltung:<br \/>\nKathrin Schirmer Kommunikationsdesign, Bochum<br \/>\n<a class=\"external-link-new-window\" title=\"\u00d6ffnet externen Link in neuem Fenster\" href=\"http:\/\/www.kathrinschirmer.de\/\">www.kathrinschirmer.de<\/a><\/p>\n<p>Webmaster:<br \/>\nSMART-Q Softwaresysteme GmbH, Bochum<br \/>\n<a href=\"http:\/\/www.smart-q.de\/\">www.smart-q.de<\/a><\/p>\n<p>Bildnachweis:<br \/>\nFoto Pusteblume \u2013 (c) Kerrick \/ istockphoto.com<\/p>\n<p>Als selbstst\u00e4ndiger, gemeinn\u00fctziger Verein sind wir u.a. auf Mitgliedsbeitr\u00e4ge und Spenden angewiesen. Wir freuen uns \u00fcber jedes neue Mitglied und \u00fcber jede Spende, ob klein oder gro\u00df.<\/p>\n<div>\n<p class=\"csc-textpic-text\">Zu den Institutionen, die uns regelm\u00e4\u00dfig unterst\u00fctzen und deren Namen wir ver\u00f6ffentlichen d\u00fcrfen, geh\u00f6ren u.a.:<\/p>\n<\/div>\n<\/div>\n<\/div><div class=\"fusion-image-element \" style=\"text-align:left;--awb-caption-title-font-family:var(--h2_typography-font-family);--awb-caption-title-font-weight:var(--h2_typography-font-weight);--awb-caption-title-font-style:var(--h2_typography-font-style);--awb-caption-title-size:var(--h2_typography-font-size);--awb-caption-title-transform:var(--h2_typography-text-transform);--awb-caption-title-line-height:var(--h2_typography-line-height);--awb-caption-title-letter-spacing:var(--h2_typography-letter-spacing);\"><span class=\" fusion-imageframe imageframe-none imageframe-1 hover-type-none\"><a class=\"fusion-no-lightbox\" href=\"https:\/\/www.stadtwerke-bochum.de\" target=\"_blank\" aria-label=\"stadtwerke\" rel=\"noopener noreferrer\"><img decoding=\"async\" width=\"678\" height=\"80\" src=\"http:\/\/hospizverein-wattenscheid.de\/neu\/wp-content\/uploads\/2019\/07\/stadtwerke.jpg\" alt class=\"img-responsive wp-image-2909\" srcset=\"https:\/\/hospizverein-wattenscheid.de\/neu\/wp-content\/uploads\/2019\/07\/stadtwerke-200x24.jpg 200w, https:\/\/hospizverein-wattenscheid.de\/neu\/wp-content\/uploads\/2019\/07\/stadtwerke-400x47.jpg 400w, https:\/\/hospizverein-wattenscheid.de\/neu\/wp-content\/uploads\/2019\/07\/stadtwerke-600x71.jpg 600w, https:\/\/hospizverein-wattenscheid.de\/neu\/wp-content\/uploads\/2019\/07\/stadtwerke.jpg 678w\" sizes=\"(max-width: 640px) 100vw, 678px\" \/><\/a><\/span><\/div><div class=\"fusion-separator fusion-full-width-sep\" style=\"align-self: center;margin-left: auto;margin-right: auto;margin-top:1px;margin-bottom:1px;width:100%;\"><div class=\"fusion-separator-border sep-double\" style=\"--awb-height:20px;--awb-amount:20px;--awb-sep-color:#ffffff;border-color:#ffffff;border-top-width:1px;border-bottom-width:1px;\"><\/div><\/div><div class=\"fusion-image-element \" style=\"text-align:left;--awb-caption-title-font-family:var(--h2_typography-font-family);--awb-caption-title-font-weight:var(--h2_typography-font-weight);--awb-caption-title-font-style:var(--h2_typography-font-style);--awb-caption-title-size:var(--h2_typography-font-size);--awb-caption-title-transform:var(--h2_typography-text-transform);--awb-caption-title-line-height:var(--h2_typography-line-height);--awb-caption-title-letter-spacing:var(--h2_typography-letter-spacing);\"><span class=\" fusion-imageframe imageframe-none imageframe-2 hover-type-none\"><a class=\"fusion-no-lightbox\" href=\"http:\/\/www.rewe-mokanski.de\" target=\"_blank\" aria-label=\"rewe\" rel=\"noopener noreferrer\"><img decoding=\"async\" width=\"678\" height=\"80\" src=\"http:\/\/hospizverein-wattenscheid.de\/neu\/wp-content\/uploads\/2019\/07\/rewe.jpg\" alt class=\"img-responsive wp-image-2907\" srcset=\"https:\/\/hospizverein-wattenscheid.de\/neu\/wp-content\/uploads\/2019\/07\/rewe-200x24.jpg 200w, https:\/\/hospizverein-wattenscheid.de\/neu\/wp-content\/uploads\/2019\/07\/rewe-400x47.jpg 400w, https:\/\/hospizverein-wattenscheid.de\/neu\/wp-content\/uploads\/2019\/07\/rewe-600x71.jpg 600w, https:\/\/hospizverein-wattenscheid.de\/neu\/wp-content\/uploads\/2019\/07\/rewe.jpg 678w\" sizes=\"(max-width: 640px) 100vw, 678px\" \/><\/a><\/span><\/div><div class=\"fusion-separator fusion-full-width-sep\" style=\"align-self: center;margin-left: auto;margin-right: auto;margin-top:1px;margin-bottom:1px;width:100%;\"><div class=\"fusion-separator-border sep-double\" style=\"--awb-height:20px;--awb-amount:20px;--awb-sep-color:#ffffff;border-color:#ffffff;border-top-width:1px;border-bottom-width:1px;\"><\/div><\/div><div class=\"fusion-image-element \" style=\"text-align:left;--awb-caption-title-font-family:var(--h2_typography-font-family);--awb-caption-title-font-weight:var(--h2_typography-font-weight);--awb-caption-title-font-style:var(--h2_typography-font-style);--awb-caption-title-size:var(--h2_typography-font-size);--awb-caption-title-transform:var(--h2_typography-text-transform);--awb-caption-title-line-height:var(--h2_typography-line-height);--awb-caption-title-letter-spacing:var(--h2_typography-letter-spacing);\"><span class=\" fusion-imageframe imageframe-none imageframe-3 hover-type-none\"><a class=\"fusion-no-lightbox\" href=\"https:\/\/www.sparda-west.de\" target=\"_blank\" aria-label=\"sparda\" rel=\"noopener noreferrer\"><img decoding=\"async\" width=\"678\" height=\"80\" src=\"http:\/\/hospizverein-wattenscheid.de\/neu\/wp-content\/uploads\/2019\/07\/sparda.jpg\" alt class=\"img-responsive wp-image-2908\" srcset=\"https:\/\/hospizverein-wattenscheid.de\/neu\/wp-content\/uploads\/2019\/07\/sparda-200x24.jpg 200w, https:\/\/hospizverein-wattenscheid.de\/neu\/wp-content\/uploads\/2019\/07\/sparda-400x47.jpg 400w, https:\/\/hospizverein-wattenscheid.de\/neu\/wp-content\/uploads\/2019\/07\/sparda-600x71.jpg 600w, https:\/\/hospizverein-wattenscheid.de\/neu\/wp-content\/uploads\/2019\/07\/sparda.jpg 678w\" sizes=\"(max-width: 640px) 100vw, 678px\" \/><\/a><\/span><\/div><\/div><\/div><\/div><\/div>\n","protected":false},"excerpt":{"rendered":"","protected":false},"author":2,"featured_media":0,"parent":3975,"menu_order":0,"comment_status":"closed","ping_status":"closed","template":"","meta":{"_bbp_topic_count":0,"_bbp_reply_count":0,"_bbp_total_topic_count":0,"_bbp_total_reply_count":0,"_bbp_voice_count":0,"_bbp_anonymous_reply_count":0,"_bbp_topic_count_hidden":0,"_bbp_reply_count_hidden":0,"_bbp_forum_subforum_count":0,"footnotes":""},"class_list":["post-1406","page","type-page","status-publish","hentry"],"_links":{"self":[{"href":"https:\/\/hospizverein-wattenscheid.de\/neu\/wp-json\/wp\/v2\/pages\/1406","targetHints":{"allow":["GET"]}}],"collection":[{"href":"https:\/\/hospizverein-wattenscheid.de\/neu\/wp-json\/wp\/v2\/pages"}],"about":[{"href":"https:\/\/hospizverein-wattenscheid.de\/neu\/wp-json\/wp\/v2\/types\/page"}],"author":[{"embeddable":true,"href":"https:\/\/hospizverein-wattenscheid.de\/neu\/wp-json\/wp\/v2\/users\/2"}],"replies":[{"embeddable":true,"href":"https:\/\/hospizverein-wattenscheid.de\/neu\/wp-json\/wp\/v2\/comments?post=1406"}],"version-history":[{"count":16,"href":"https:\/\/hospizverein-wattenscheid.de\/neu\/wp-json\/wp\/v2\/pages\/1406\/revisions"}],"predecessor-version":[{"id":4799,"href":"https:\/\/hospizverein-wattenscheid.de\/neu\/wp-json\/wp\/v2\/pages\/1406\/revisions\/4799"}],"up":[{"embeddable":true,"href":"https:\/\/hospizverein-wattenscheid.de\/neu\/wp-json\/wp\/v2\/pages\/3975"}],"wp:attachment":[{"href":"https:\/\/hospizverein-wattenscheid.de\/neu\/wp-json\/wp\/v2\/media?parent=1406"}],"curies":[{"name":"wp","href":"https:\/\/api.w.org\/{rel}","templated":true}]}}