{"id":1710,"date":"2018-09-14T13:12:50","date_gmt":"2018-09-14T11:12:50","guid":{"rendered":"http:\/\/localhost\/?page_id=1710"},"modified":"2024-03-28T09:31:41","modified_gmt":"2024-03-28T08:31:41","slug":"ambulante-sterbebegleitung","status":"publish","type":"page","link":"https:\/\/hospizverein-wattenscheid.de\/neu\/unsere-angebote\/ambulante-sterbebegleitung\/","title":{"rendered":"Ambulante Sterbebegleitung"},"content":{"rendered":"<div class=\"fusion-fullwidth fullwidth-box fusion-builder-row-1 fusion-flex-container nonhundred-percent-fullwidth non-hundred-percent-height-scrolling\" style=\"--awb-border-radius-top-left:0px;--awb-border-radius-top-right:0px;--awb-border-radius-bottom-right:0px;--awb-border-radius-bottom-left:0px;--awb-padding-top:25px;--awb-padding-right:8%;--awb-padding-bottom:25px;--awb-padding-left:8%;--awb-flex-wrap:wrap;\" ><div class=\"fusion-builder-row fusion-row fusion-flex-align-items-flex-start fusion-flex-content-wrap\" style=\"max-width:calc( 1280px + 0px );margin-left: calc(-0px \/ 2 );margin-right: calc(-0px \/ 2 );\"><div class=\"fusion-layout-column fusion_builder_column fusion-builder-column-0 fusion_builder_column_1_1 1_1 fusion-flex-column\" style=\"--awb-bg-size:cover;--awb-width-large:100%;--awb-margin-top-large:0px;--awb-spacing-right-large:0px;--awb-margin-bottom-large:20px;--awb-spacing-left-large:0px;--awb-width-medium:100%;--awb-spacing-right-medium:0px;--awb-spacing-left-medium:0px;--awb-width-small:100%;--awb-spacing-right-small:0px;--awb-spacing-left-small:0px;\"><div class=\"fusion-column-wrapper fusion-flex-justify-content-flex-start fusion-content-layout-column\"><div class=\"fusion-text fusion-text-1\"><h1><strong>Ambulante Sterbebegleitung<\/strong><\/h1>\n<p>Unser Hospizverein will mit seinen haupt- und ehrenamtlichen Mitarbeiter*innen Geburt und Tod, Leben und Sterben als untrennbar miteinander verbunden in das Bewusstsein der \u00d6ffentlichkeit tragen.<\/p>\n<p>Dazu dienen seine Hauptaufgaben:<\/p>\n<ul>\n<li style=\"font-weight: 400;\">Sterbenden durch Zuwendung beizustehen und zu begleiten<\/li>\n<li style=\"font-weight: 400;\">An- und Zugeh\u00f6rige in diese Hilfe einzubeziehen und in ihrer Trauer zu begleiten durch<\/li>\n<\/ul>\n<ul>\n<li style=\"list-style-type: none;\">\n<ul>\n<li style=\"font-weight: 400;\">Zuh\u00f6ren, Erz\u00e4hlen, Vorlesen\u2026<\/li>\n<li style=\"font-weight: 400;\">Kleine Handreichungen<\/li>\n<li style=\"font-weight: 400;\">Gespr\u00e4che zur Entlastung mit An- und Zugeh\u00f6rigen<\/li>\n<li style=\"font-weight: 400;\">Spazierg\u00e4nge u. \u00e4.<\/li>\n<li style=\"font-weight: 400;\">Entlastung der An- und Zugeh\u00f6rigen (z.B. damit diese Zeit f\u00fcr Eink\u00e4ufe haben)<\/li>\n<li style=\"font-weight: 400;\">Da-Sein<\/li>\n<\/ul>\n<\/li>\n<\/ul>\n<p style=\"font-weight: 400;\">Unsere Hilfen passen wir den individuellen Bed\u00fcrfnissen der Menschen am Lebensende an. Unsere Ehrenamtlichen sind alle umfangreich geschult, um einf\u00fchlsam und angemessen auf die jeweilige Situation eingehen zu k\u00f6nnen.<\/p>\n<p style=\"font-weight: 400;\">Ihre Arbeit ist eine bedeutende St\u00fctze f\u00fcr Menschen in schwierigen Lebensphasen und tr\u00e4gt dazu bei, dass sie in W\u00fcrde und Geborgenheit begleitet werden<\/p>\n<p>Was wir nicht anbieten (und auch nicht d\u00fcrfen):<\/p>\n<ul>\n<li>sind pflegerische Ma\u00dfnahmen, z. B. Grundpflege wie Morgen- oder Abendtoilette, Behandlungspflege wie Wundversorgung, Spritzen usw.<\/li>\n<li>ist die Beratung bei Finanzierungs- und Rechtsfragen oder z. B. hinsichtlich der Eingruppierung von Pflegegraden<\/li>\n<li>ist die Vermittlung von Pflegediensten und Bestattungsunternehmen<\/li>\n<li>ist die \u00dcbernahme treuh\u00e4nderischer Aufgaben z. B. bei Bankgesch\u00e4ften, Immobilienverwaltung u. \u00c4.<\/li>\n<\/ul>\n<\/div><\/div><\/div><\/div><\/div>\n","protected":false},"excerpt":{"rendered":"","protected":false},"author":2,"featured_media":0,"parent":1714,"menu_order":0,"comment_status":"closed","ping_status":"closed","template":"","meta":{"_bbp_topic_count":0,"_bbp_reply_count":0,"_bbp_total_topic_count":0,"_bbp_total_reply_count":0,"_bbp_voice_count":0,"_bbp_anonymous_reply_count":0,"_bbp_topic_count_hidden":0,"_bbp_reply_count_hidden":0,"_bbp_forum_subforum_count":0,"footnotes":""},"class_list":["post-1710","page","type-page","status-publish","hentry"],"_links":{"self":[{"href":"https:\/\/hospizverein-wattenscheid.de\/neu\/wp-json\/wp\/v2\/pages\/1710","targetHints":{"allow":["GET"]}}],"collection":[{"href":"https:\/\/hospizverein-wattenscheid.de\/neu\/wp-json\/wp\/v2\/pages"}],"about":[{"href":"https:\/\/hospizverein-wattenscheid.de\/neu\/wp-json\/wp\/v2\/types\/page"}],"author":[{"embeddable":true,"href":"https:\/\/hospizverein-wattenscheid.de\/neu\/wp-json\/wp\/v2\/users\/2"}],"replies":[{"embeddable":true,"href":"https:\/\/hospizverein-wattenscheid.de\/neu\/wp-json\/wp\/v2\/comments?post=1710"}],"version-history":[{"count":5,"href":"https:\/\/hospizverein-wattenscheid.de\/neu\/wp-json\/wp\/v2\/pages\/1710\/revisions"}],"predecessor-version":[{"id":4114,"href":"https:\/\/hospizverein-wattenscheid.de\/neu\/wp-json\/wp\/v2\/pages\/1710\/revisions\/4114"}],"up":[{"embeddable":true,"href":"https:\/\/hospizverein-wattenscheid.de\/neu\/wp-json\/wp\/v2\/pages\/1714"}],"wp:attachment":[{"href":"https:\/\/hospizverein-wattenscheid.de\/neu\/wp-json\/wp\/v2\/media?parent=1710"}],"curies":[{"name":"wp","href":"https:\/\/api.w.org\/{rel}","templated":true}]}}