{"id":1712,"date":"2018-09-14T13:13:27","date_gmt":"2018-09-14T11:13:27","guid":{"rendered":"http:\/\/localhost\/?page_id=1712"},"modified":"2024-03-28T09:17:18","modified_gmt":"2024-03-28T08:17:18","slug":"palliativberatung","status":"publish","type":"page","link":"https:\/\/hospizverein-wattenscheid.de\/neu\/unsere-angebote\/palliativberatung\/","title":{"rendered":"Palliativberatung"},"content":{"rendered":"<div class=\"fusion-fullwidth fullwidth-box fusion-builder-row-1 fusion-flex-container nonhundred-percent-fullwidth non-hundred-percent-height-scrolling\" style=\"--awb-border-radius-top-left:0px;--awb-border-radius-top-right:0px;--awb-border-radius-bottom-right:0px;--awb-border-radius-bottom-left:0px;--awb-padding-top:25px;--awb-padding-right:8%;--awb-padding-bottom:25px;--awb-padding-left:8%;--awb-flex-wrap:wrap;\" ><div class=\"fusion-builder-row fusion-row fusion-flex-align-items-flex-start fusion-flex-content-wrap\" style=\"max-width:calc( 1280px + 0px );margin-left: calc(-0px \/ 2 );margin-right: calc(-0px \/ 2 );\"><div class=\"fusion-layout-column fusion_builder_column fusion-builder-column-0 fusion_builder_column_1_1 1_1 fusion-flex-column\" style=\"--awb-bg-size:cover;--awb-width-large:100%;--awb-margin-top-large:0px;--awb-spacing-right-large:0px;--awb-margin-bottom-large:20px;--awb-spacing-left-large:0px;--awb-width-medium:100%;--awb-spacing-right-medium:0px;--awb-spacing-left-medium:0px;--awb-width-small:100%;--awb-spacing-right-small:0px;--awb-spacing-left-small:0px;\"><div class=\"fusion-column-wrapper fusion-flex-justify-content-flex-start fusion-content-layout-column\"><div class=\"fusion-text fusion-text-1\"><h1>Palliativberatung<\/h1>\n<p style=\"font-weight: 400;\">Die Palliativberatung, die wir anbieten, wird von unseren Koordinatorinnen durchgef\u00fchrt, die eine Zusatzausbildung im Bereich &#8222;Palliativ-Care&#8220; absolviert haben. Sie informieren \u00fcber die verschiedenen M\u00f6glichkeiten der Palliativversorgung. Diese Beratung erfolgt in enger Zusammenarbeit mit unseren direkten Partnern im Palliativnetz Bochum. Weitere ausf\u00fchrliche Informationen dazu finden Sie auf der Webseite <a href=\"http:\/\/www.palliativnetz-bochum.de\/\">www.palliativnetz-bochum.de<\/a>.<\/p>\n<p style=\"font-weight: 400;\">Der Begriff &#8222;palliativ&#8220; bezieht sich auf einen Ansatz in der medizinischen Versorgung, der darauf abzielt, die Symptome und Leiden von Patienten zu lindern, insbesondere wenn eine Krankheit nicht mehr heilbar oder eine Heilung nicht das Hauptziel ist.<\/p>\n<p style=\"font-weight: 400;\">Die Beratung informiert \u00fcber die M\u00f6glichkeiten sowohl der medizinischen als auch der pflegerischen Versorgung und der psychosozialen Begleitung in der letzten Lebensphase, um die Lebensqualit\u00e4t zu verbessern oder zu erhalten. Dabei werden die individuellen Bed\u00fcrfnisse und W\u00fcnsche der Patientinnen und Patienten und ihrer Zu- und Angeh\u00f6rigen ber\u00fccksichtigt. Auch werden verschiedene ambulante und station\u00e4re Versorgungsm\u00f6glichkeiten vorgestellt.<\/p>\n<p style=\"font-weight: 400;\">Ein weiterer Aspekt der Palliativberatung ist die Auseinandersetzung mit der Endlichkeit des Lebens. Es geht darum, \u00c4ngste vor dem Sterben und dem Tod anzusprechen. Dabei werden Themen wie Krankheit, Schmerz, Abschied, Tod und Trauer offen angesprochen und diskutiert. Auch Fragen und Vorstellungen \u00fcber das eigene Leben und Sterben k\u00f6nnen thematisiert werden.<\/p>\n<p style=\"font-weight: 400;\">Die Palliativberatung steht nicht nur schwer erkrankten Menschen zur Verf\u00fcgung, sondern kann auch deren Zu- und Angeh\u00f6rige einbeziehen, denn diese stehen oft vor \u00e4hnlichen Herausforderungen und ben\u00f6tigen ebenfalls Unterst\u00fctzung und Begleitung w\u00e4hrend dieser schwierigen Phase.<\/p>\n<\/div><\/div><\/div><\/div><\/div>\n","protected":false},"excerpt":{"rendered":"","protected":false},"author":2,"featured_media":0,"parent":1714,"menu_order":0,"comment_status":"closed","ping_status":"closed","template":"","meta":{"_bbp_topic_count":0,"_bbp_reply_count":0,"_bbp_total_topic_count":0,"_bbp_total_reply_count":0,"_bbp_voice_count":0,"_bbp_anonymous_reply_count":0,"_bbp_topic_count_hidden":0,"_bbp_reply_count_hidden":0,"_bbp_forum_subforum_count":0,"footnotes":""},"class_list":["post-1712","page","type-page","status-publish","hentry"],"_links":{"self":[{"href":"https:\/\/hospizverein-wattenscheid.de\/neu\/wp-json\/wp\/v2\/pages\/1712","targetHints":{"allow":["GET"]}}],"collection":[{"href":"https:\/\/hospizverein-wattenscheid.de\/neu\/wp-json\/wp\/v2\/pages"}],"about":[{"href":"https:\/\/hospizverein-wattenscheid.de\/neu\/wp-json\/wp\/v2\/types\/page"}],"author":[{"embeddable":true,"href":"https:\/\/hospizverein-wattenscheid.de\/neu\/wp-json\/wp\/v2\/users\/2"}],"replies":[{"embeddable":true,"href":"https:\/\/hospizverein-wattenscheid.de\/neu\/wp-json\/wp\/v2\/comments?post=1712"}],"version-history":[{"count":7,"href":"https:\/\/hospizverein-wattenscheid.de\/neu\/wp-json\/wp\/v2\/pages\/1712\/revisions"}],"predecessor-version":[{"id":4107,"href":"https:\/\/hospizverein-wattenscheid.de\/neu\/wp-json\/wp\/v2\/pages\/1712\/revisions\/4107"}],"up":[{"embeddable":true,"href":"https:\/\/hospizverein-wattenscheid.de\/neu\/wp-json\/wp\/v2\/pages\/1714"}],"wp:attachment":[{"href":"https:\/\/hospizverein-wattenscheid.de\/neu\/wp-json\/wp\/v2\/media?parent=1712"}],"curies":[{"name":"wp","href":"https:\/\/api.w.org\/{rel}","templated":true}]}}