{"id":1724,"date":"2018-09-14T13:15:52","date_gmt":"2018-09-14T11:15:52","guid":{"rendered":"http:\/\/localhost\/?page_id=1724"},"modified":"2026-03-02T13:32:44","modified_gmt":"2026-03-02T12:32:44","slug":"unsere-geschichte","status":"publish","type":"page","link":"https:\/\/hospizverein-wattenscheid.de\/neu\/ueber-uns\/unsere-geschichte\/","title":{"rendered":"Unsere Geschichte"},"content":{"rendered":"<div class=\"fusion-fullwidth fullwidth-box fusion-builder-row-1 fusion-flex-container nonhundred-percent-fullwidth non-hundred-percent-height-scrolling\" style=\"--awb-border-radius-top-left:0px;--awb-border-radius-top-right:0px;--awb-border-radius-bottom-right:0px;--awb-border-radius-bottom-left:0px;--awb-padding-top:25px;--awb-padding-right:8%;--awb-padding-bottom:25px;--awb-padding-left:8%;--awb-flex-wrap:wrap;\" ><div class=\"fusion-builder-row fusion-row fusion-flex-align-items-flex-start fusion-flex-content-wrap\" style=\"max-width:1331.2px;margin-left: calc(-4% \/ 2 );margin-right: calc(-4% \/ 2 );\"><div class=\"fusion-layout-column fusion_builder_column fusion-builder-column-0 fusion_builder_column_1_1 1_1 fusion-flex-column\" style=\"--awb-bg-size:cover;--awb-width-large:100%;--awb-margin-top-large:0px;--awb-spacing-right-large:1.92%;--awb-margin-bottom-large:20px;--awb-spacing-left-large:1.92%;--awb-width-medium:100%;--awb-spacing-right-medium:1.92%;--awb-spacing-left-medium:1.92%;--awb-width-small:100%;--awb-spacing-right-small:1.92%;--awb-spacing-left-small:1.92%;\"><div class=\"fusion-column-wrapper fusion-flex-justify-content-flex-start fusion-content-layout-column\"><div class=\"fusion-text fusion-text-1\"><h1><strong>Unsere Geschichte<\/strong><\/h1>\n<ul>\n<li>Ab <strong>1990<\/strong> engagierte sich ein kleiner Kreis Wattenscheider B\u00fcrger*innen f\u00fcr Sterbende und ihre Angeh\u00f6rigen. Im Mittelpunkt stand die seelische Not der Betroffenen und deren Angeh\u00f6rigen in dieser schweren Lebensphase. Die Engagierten begannen, sich f\u00fcr die Sterbebegleitung zu qualifizieren und erste tragf\u00e4hige Strukturen aufzubauen.<\/li>\n<li>Am <strong>1. Dezember 1993<\/strong> gr\u00fcndeten 14 Personen den Hospizverein Wattenscheid e. V.<\/li>\n<li>In den Anfangsjahren \u00fcbernahm Norbert Philipp als Sozialarbeiter im Dienst der Evangelischen Kirchengemeinde die Aufgabe des ersten Koordinators.<br \/>\nDie Diakonie stellte dem Verein daf\u00fcr B\u00fcror\u00e4ume im Haus an der Voedestra\u00dfe zur Verf\u00fcgung.<\/li>\n<li>Im Sommer <strong>1994<\/strong> konnte der Verein bereits auf 50 Mitglieder und 12 ehrenamtliche Sterbebegleiter*innen z\u00e4hlen. Damit war fr\u00fch erkennbar, wie gro\u00df die Unterst\u00fctzung in Wattenscheid f\u00fcr diese Arbeit war.<\/li>\n<li>Im Mai <strong>2000<\/strong> stellte das Marienhospital Wattenscheid dem Hospizverein B\u00fcror\u00e4ume zur Verf\u00fcgung und unterst\u00fctzte damit die weitere Professionalisierung und Vernetzung der Arbeit.<\/li>\n<li>Im Jahr <strong>2002<\/strong> begann die F\u00f6rderung der ambulanten Hospizarbeit durch die gesetzlichen Krankenkassen. Die F\u00f6rderung \u00fcber Fallpauschalen war an verbindliche Standards gekn\u00fcpft, etwa an die Qualifikation der Koordinator*innen sowie an Ausbildung und fachliche Begleitung der Ehrenamtlichen.<\/li>\n<li>Ebenfalls <strong>2002<\/strong> nahm der Hospizverein die Trauerbegleitung in sein Angebot auf und er\u00f6ffnete in der Stresemannstra\u00dfe 12 den \u201eTrauerTreffPunkt\u201c. Damit entstand ein zus\u00e4tzlicher Anlaufpunkt, an dem Hinterbliebene Unterst\u00fctzung finden und sich mit anderen Trauernden austauschen konnten.<\/li>\n<li>Im Januar <strong>2004<\/strong> wurde die Arbeit des Hospizvereins bereits von mehr als 200 Mitgliedern getragen. Dieser Zuspruch st\u00e4rkte die Grundlage f\u00fcr ein verl\u00e4ssliches Angebot in der Stadt.<\/li>\n<li>Im Jahr <strong>2007<\/strong> war der Hospizverein Wattenscheid Mitbegr\u00fcnder des Palliativnetzes Bochum. Damit setzte er ein Zeichen f\u00fcr Zusammenarbeit und gemeinsame Verantwortung in der Versorgung schwerkranker Menschen.<\/li>\n<li>Im Jahr <strong>2009<\/strong> z\u00e4hlte der Verein bereits mehr als 300 Mitglieder. Das Wachstum zeigte, dass die Hospizarbeit in der Region zunehmend wahrgenommen und unterst\u00fctzt wurde.<\/li>\n<li>Im August <strong>2010<\/strong> zog der Hospizverein in das Haus An der Papenburg 9 im Zentrum Wattenscheids um. Dort gab es auch ausreichend Platz, um die Trauerarbeit dauerhaft zu verankern.<\/li>\n<li>Im Jahr <strong>2019<\/strong> hatte der Verein 500 Mitglieder und rund 50 ehrenamtliche Sterbebegleiter*innen. Damit verf\u00fcgte der Hospizverein \u00fcber eine breite Basis und ein starkes ehrenamtliches Team.<\/li>\n<li>Im Jahr <strong>2022<\/strong> \u00fcbernahm die Bochumer Kabarettistin Esther M\u00fcnch die Schirmherrschaft f\u00fcr den Hospizverein. Sie unterst\u00fctzte damit \u00f6ffentlich die Anliegen der Hospizarbeit und der Trauerbegleitung.<\/li>\n<li>Im Jahr <strong>2023<\/strong> wurde erstmals ein \u201eLetzte-Hilfe-Kurs\u201c angeboten. Mit diesem Kurs wurde das Wissen \u00fcber die Begleitung am Lebensende auch f\u00fcr interessierte B\u00fcrger*innen zug\u00e4nglich gemacht.<\/li>\n<li>Am <strong>26.04.2023<\/strong> trat auf Beschluss der Mitgliederversammlung eine neue Satzung in Kraft. Sie ersetzte die Satzung vom 08.02.2010 und passte die Grundlagen der Vereinsarbeit an aktuelle Anforderungen an. Ziele, Aufgaben und Strukturen wurden pr\u00e4zisiert und Verfahren sowie Zust\u00e4ndigkeiten klarer geregelt.<\/li>\n<li>Am <strong>1. Dezember 2023<\/strong> wird Siegfried Schirmer, langj\u00e4hriger ehrenamtlicher Gesch\u00e4ftsf\u00fchrer des Hospizvereins Wattenscheid e. V. , auf der Jubil\u00e4umsfeier zum 30j\u00e4hrigen Bestehen des Hospizvereins Wattenscheid zum Ehrenmitglied ernannt. Damit wird die hohe Wertsch\u00e4tzung und Anerkennung f\u00fcr seine herausragenden Bem\u00fchungen um den Hospizverein Wattenscheid zum Ausdruck gebracht.<\/li>\n<li>Im Juli <strong>2024<\/strong> begann der Hospizverein Wattenscheid mit der Begleitung sterbender Menschen auf der Palliativstation des St. Josef-Hospitals in Bochum. Damit wurde das ambulante Angebot um einen weiteren Einsatzort erweitert; die ehrenamtlichen Begleiterinnen und Begleiter stehen Betroffenen und Angeh\u00f6rigen in der letzten Lebensphase zur Seite.<\/li>\n<\/ul>\n<\/div><\/div><\/div><\/div><\/div>\n","protected":false},"excerpt":{"rendered":"","protected":false},"author":2,"featured_media":0,"parent":613,"menu_order":0,"comment_status":"closed","ping_status":"closed","template":"","meta":{"_bbp_topic_count":0,"_bbp_reply_count":0,"_bbp_total_topic_count":0,"_bbp_total_reply_count":0,"_bbp_voice_count":0,"_bbp_anonymous_reply_count":0,"_bbp_topic_count_hidden":0,"_bbp_reply_count_hidden":0,"_bbp_forum_subforum_count":0,"footnotes":""},"class_list":["post-1724","page","type-page","status-publish","hentry"],"_links":{"self":[{"href":"https:\/\/hospizverein-wattenscheid.de\/neu\/wp-json\/wp\/v2\/pages\/1724","targetHints":{"allow":["GET"]}}],"collection":[{"href":"https:\/\/hospizverein-wattenscheid.de\/neu\/wp-json\/wp\/v2\/pages"}],"about":[{"href":"https:\/\/hospizverein-wattenscheid.de\/neu\/wp-json\/wp\/v2\/types\/page"}],"author":[{"embeddable":true,"href":"https:\/\/hospizverein-wattenscheid.de\/neu\/wp-json\/wp\/v2\/users\/2"}],"replies":[{"embeddable":true,"href":"https:\/\/hospizverein-wattenscheid.de\/neu\/wp-json\/wp\/v2\/comments?post=1724"}],"version-history":[{"count":20,"href":"https:\/\/hospizverein-wattenscheid.de\/neu\/wp-json\/wp\/v2\/pages\/1724\/revisions"}],"predecessor-version":[{"id":4830,"href":"https:\/\/hospizverein-wattenscheid.de\/neu\/wp-json\/wp\/v2\/pages\/1724\/revisions\/4830"}],"up":[{"embeddable":true,"href":"https:\/\/hospizverein-wattenscheid.de\/neu\/wp-json\/wp\/v2\/pages\/613"}],"wp:attachment":[{"href":"https:\/\/hospizverein-wattenscheid.de\/neu\/wp-json\/wp\/v2\/media?parent=1724"}],"curies":[{"name":"wp","href":"https:\/\/api.w.org\/{rel}","templated":true}]}}