{"id":3835,"date":"2023-03-23T10:19:10","date_gmt":"2023-03-23T09:19:10","guid":{"rendered":"https:\/\/hospizverein-wattenscheid.de\/neu\/?page_id=3835"},"modified":"2026-01-26T11:17:05","modified_gmt":"2026-01-26T10:17:05","slug":"satzung","status":"publish","type":"page","link":"https:\/\/hospizverein-wattenscheid.de\/neu\/ueber-uns\/satzung\/","title":{"rendered":"Satzung"},"content":{"rendered":"<div class=\"fusion-fullwidth fullwidth-box fusion-builder-row-1 fusion-flex-container has-pattern-background has-mask-background nonhundred-percent-fullwidth non-hundred-percent-height-scrolling\" style=\"--awb-border-radius-top-left:0px;--awb-border-radius-top-right:0px;--awb-border-radius-bottom-right:0px;--awb-border-radius-bottom-left:0px;--awb-padding-top:25px;--awb-padding-right:8%;--awb-padding-bottom:25px;--awb-padding-left:8%;--awb-flex-wrap:wrap;\" ><div class=\"fusion-builder-row fusion-row fusion-flex-align-items-flex-start fusion-flex-content-wrap\" style=\"max-width:1331.2px;margin-left: calc(-4% \/ 2 );margin-right: calc(-4% \/ 2 );\"><div class=\"fusion-layout-column fusion_builder_column fusion-builder-column-0 fusion_builder_column_1_1 1_1 fusion-flex-column\" style=\"--awb-bg-size:cover;--awb-width-large:100%;--awb-margin-top-large:0px;--awb-spacing-right-large:1.92%;--awb-margin-bottom-large:20px;--awb-spacing-left-large:1.92%;--awb-width-medium:100%;--awb-spacing-right-medium:1.92%;--awb-spacing-left-medium:1.92%;--awb-width-small:100%;--awb-spacing-right-small:1.92%;--awb-spacing-left-small:1.92%;\"><div class=\"fusion-column-wrapper fusion-column-has-shadow fusion-flex-justify-content-flex-start fusion-content-layout-column\"><div class=\"fusion-text fusion-text-1\"><h1>Satzung<\/h1>\n<p>Liebe*r Besucher*in unserer Website,<\/p>\n<p>die Satzung des Hospizvereins Wattenscheid e. V. ist die wesentliche Grundlage f\u00fcr unser gemeinsames Wirken und das Fundament, auf dem unser Hospizverein ruht. Sie verk\u00f6rpert unsere Werte, Ziele und Verpflichtungen gegen\u00fcber den Menschen, die unsere Unterst\u00fctzung in schwierigen Lebensphasen suchen. Die Satzung legt die Grunds\u00e4tze unserer Arbeit fest und definiert unsere Organisationsstruktur sowie die Rechte und Pflichten unserer Mitglieder.<\/p>\n<p>Weiterhin finden Sie in diesem Dokument klare Leitlinien f\u00fcr die Mitgliedschaft, die Vorstandsarbeit, die Aufgaben der einzelnen Gremien sowie die finanzielle Verwaltung des Vereins. Es ist uns ein Anliegen, transparent und verantwortungsbewusst zu handeln und sicherzustellen, dass unsere Ressourcen zum Wohl unserer Betreuten bestm\u00f6glich eingesetzt werden.<\/p>\n<p>Wir laden Sie ein, diese Satzung sorgf\u00e4ltig zu lesen und sich mit den Zielen und Werten unseres Hospizvereins vertraut zu machen.<br \/>\nNur gemeinsam k\u00f6nnen wir die Herausforderungen bew\u00e4ltigen, vor denen schwerkranke und sterbende Menschen stehen, und ihnen in ihrer letzten Lebensphase Trost, Unterst\u00fctzung und Mitmenschlichkeit bieten.<\/p>\n<p>Im Namen des gesamten Vorstands und aller Mitglieder bedanke ich mich f\u00fcr Ihr Interesse an unserer Arbeit und Ihre Unterst\u00fctzung.<br \/>\nGemeinsam k\u00f6nnen wir einen Unterschied machen und den Menschen in ihrer schwersten Zeit beistehen.<\/p>\n<p>Mit herzlichen Gr\u00fc\u00dfen,<\/p>\n<p>Anke Schulz-Najda<br \/>\nVorsitzende des Hospizvereins Wattenscheid<\/p>\n<\/div><\/div><\/div><div class=\"fusion-layout-column fusion_builder_column fusion-builder-column-1 fusion_builder_column_1_4 1_4 fusion-flex-column\" style=\"--awb-bg-size:cover;--awb-width-large:25%;--awb-margin-top-large:0px;--awb-spacing-right-large:7.68%;--awb-margin-bottom-large:20px;--awb-spacing-left-large:7.68%;--awb-width-medium:25%;--awb-spacing-right-medium:7.68%;--awb-spacing-left-medium:7.68%;--awb-width-small:100%;--awb-spacing-right-small:1.92%;--awb-spacing-left-small:1.92%;\"><div class=\"fusion-column-wrapper fusion-column-has-shadow fusion-flex-justify-content-flex-start fusion-content-layout-column\"><div class=\"fusion-image-element \" style=\"text-align:left;--awb-caption-title-font-family:var(--h2_typography-font-family);--awb-caption-title-font-weight:var(--h2_typography-font-weight);--awb-caption-title-font-style:var(--h2_typography-font-style);--awb-caption-title-size:var(--h2_typography-font-size);--awb-caption-title-transform:var(--h2_typography-text-transform);--awb-caption-title-line-height:var(--h2_typography-line-height);--awb-caption-title-letter-spacing:var(--h2_typography-letter-spacing);\"><span class=\" fusion-imageframe imageframe-dropshadow imageframe-1 hover-type-none\" style=\"-webkit-box-shadow: 3px 3px 7px var(--awb-color7);box-shadow: 3px 3px 7px var(--awb-color7);\"><a class=\"fusion-no-lightbox\" href=\"https:\/\/hospizverein-wattenscheid.de\/neu\/wp-content\/uploads\/2024\/07\/Satzung_Hospizverein_2023.pdf\" target=\"_blank\" aria-label=\"Satzung_Hospizverein_2023_Screenshot\" rel=\"noopener noreferrer\"><img decoding=\"async\" width=\"610\" height=\"864\" src=\"https:\/\/hospizverein-wattenscheid.de\/neu\/wp-content\/uploads\/2024\/07\/Satzung_Hospizverein_2023_Screenshot.png\" alt class=\"img-responsive wp-image-4239\" srcset=\"https:\/\/hospizverein-wattenscheid.de\/neu\/wp-content\/uploads\/2024\/07\/Satzung_Hospizverein_2023_Screenshot-200x283.png 200w, https:\/\/hospizverein-wattenscheid.de\/neu\/wp-content\/uploads\/2024\/07\/Satzung_Hospizverein_2023_Screenshot-400x567.png 400w, https:\/\/hospizverein-wattenscheid.de\/neu\/wp-content\/uploads\/2024\/07\/Satzung_Hospizverein_2023_Screenshot-600x850.png 600w, https:\/\/hospizverein-wattenscheid.de\/neu\/wp-content\/uploads\/2024\/07\/Satzung_Hospizverein_2023_Screenshot.png 610w\" sizes=\"(max-width: 640px) 100vw, 400px\" \/><\/a><\/span><\/div><\/div><\/div><\/div><\/div>\n","protected":false},"excerpt":{"rendered":"","protected":false},"author":2,"featured_media":0,"parent":613,"menu_order":0,"comment_status":"closed","ping_status":"closed","template":"","meta":{"_bbp_topic_count":0,"_bbp_reply_count":0,"_bbp_total_topic_count":0,"_bbp_total_reply_count":0,"_bbp_voice_count":0,"_bbp_anonymous_reply_count":0,"_bbp_topic_count_hidden":0,"_bbp_reply_count_hidden":0,"_bbp_forum_subforum_count":0,"footnotes":""},"class_list":["post-3835","page","type-page","status-publish","hentry"],"_links":{"self":[{"href":"https:\/\/hospizverein-wattenscheid.de\/neu\/wp-json\/wp\/v2\/pages\/3835","targetHints":{"allow":["GET"]}}],"collection":[{"href":"https:\/\/hospizverein-wattenscheid.de\/neu\/wp-json\/wp\/v2\/pages"}],"about":[{"href":"https:\/\/hospizverein-wattenscheid.de\/neu\/wp-json\/wp\/v2\/types\/page"}],"author":[{"embeddable":true,"href":"https:\/\/hospizverein-wattenscheid.de\/neu\/wp-json\/wp\/v2\/users\/2"}],"replies":[{"embeddable":true,"href":"https:\/\/hospizverein-wattenscheid.de\/neu\/wp-json\/wp\/v2\/comments?post=3835"}],"version-history":[{"count":12,"href":"https:\/\/hospizverein-wattenscheid.de\/neu\/wp-json\/wp\/v2\/pages\/3835\/revisions"}],"predecessor-version":[{"id":4806,"href":"https:\/\/hospizverein-wattenscheid.de\/neu\/wp-json\/wp\/v2\/pages\/3835\/revisions\/4806"}],"up":[{"embeddable":true,"href":"https:\/\/hospizverein-wattenscheid.de\/neu\/wp-json\/wp\/v2\/pages\/613"}],"wp:attachment":[{"href":"https:\/\/hospizverein-wattenscheid.de\/neu\/wp-json\/wp\/v2\/media?parent=3835"}],"curies":[{"name":"wp","href":"https:\/\/api.w.org\/{rel}","templated":true}]}}