{"id":388,"date":"2015-08-04T15:32:26","date_gmt":"2015-08-04T13:32:26","guid":{"rendered":"http:\/\/localhost\/?page_id=388"},"modified":"2025-09-08T14:25:24","modified_gmt":"2025-09-08T12:25:24","slug":"trauerbegleitung","status":"publish","type":"page","link":"https:\/\/hospizverein-wattenscheid.de\/neu\/unsere-angebote\/trauerbegleitung\/","title":{"rendered":"Trauerbegleitung"},"content":{"rendered":"<div class=\"fusion-fullwidth fullwidth-box fusion-builder-row-1 fusion-flex-container nonhundred-percent-fullwidth non-hundred-percent-height-scrolling\" style=\"--awb-border-sizes-top:0px;--awb-border-sizes-bottom:0px;--awb-border-sizes-left:0px;--awb-border-sizes-right:0px;--awb-border-radius-top-left:0px;--awb-border-radius-top-right:0px;--awb-border-radius-bottom-right:0px;--awb-border-radius-bottom-left:0px;--awb-padding-top:25px;--awb-padding-right:8%;--awb-padding-bottom:0px;--awb-padding-left:8%;--awb-flex-wrap:wrap;\" ><div class=\"fusion-builder-row fusion-row fusion-flex-align-items-flex-start fusion-flex-content-wrap\" style=\"max-width:1331.2px;margin-left: calc(-4% \/ 2 );margin-right: calc(-4% \/ 2 );\"><div class=\"fusion-layout-column fusion_builder_column fusion-builder-column-0 fusion_builder_column_3_4 3_4 fusion-flex-column\" style=\"--awb-bg-size:cover;--awb-width-large:75%;--awb-margin-top-large:0px;--awb-spacing-right-large:2.56%;--awb-margin-bottom-large:20px;--awb-spacing-left-large:2.56%;--awb-width-medium:75%;--awb-spacing-right-medium:2.56%;--awb-spacing-left-medium:2.56%;--awb-width-small:100%;--awb-spacing-right-small:1.92%;--awb-spacing-left-small:1.92%;\"><div class=\"fusion-column-wrapper fusion-flex-justify-content-flex-start fusion-content-layout-column\"><div class=\"fusion-text fusion-text-1\"><h1>Trauerbegleitung<\/h1>\n<p style=\"font-weight: 400;\">\u201eTrauer ist nicht das Problem, sondern die L\u00f6sung.\u201c (Chris Paul)<\/p>\n<p style=\"font-weight: 400;\">Nach dem Tod eines geliebten Menschen ist nichts mehr wie bisher.\u00a0Trauer ist die schmerzliche Reaktion auf dieses Verlusterlebnis und so vielf\u00e4ltig, wie die Beziehungen zu dem oder zu der Verstorbenen war.<\/p>\n<p style=\"font-weight: 400;\">In der Trauerbegleitung finden Sie einen gesch\u00fctzten Raum, in dem Sie Ihrem Schmerz und allen anderen bedr\u00e4ngenden Gedanken und Gef\u00fchlen Ausdruck verleihen k\u00f6nnen.\u00a0Sie k\u00f6nnen lernen, besser zu verstehen, was in Ihnen vorgeht und finden Unterst\u00fctzung dabei, Ihre pers\u00f6nlichen Ressourcen zu entdecken. Dies geschieht in Einzelgespr\u00e4chen, deren H\u00e4ufigkeit Sie selbst bestimmen.<\/p>\n<p style=\"font-weight: 400;\">Au\u00dferdem bieten wir, abh\u00e4ngig von Nachfrage und Kapazit\u00e4t, geschlossene Gespr\u00e4chsgruppen an f\u00fcr Menschen, denen an der Begegnung mit \u00e4hnlich Betroffenen liegt. Weitere Informationen zum n\u00e4chsten Gespr\u00e4chskreis f\u00fcr Trauernde finden sie <a href=\"https:\/\/hospizverein-wattenscheid.de\/neu\/aktuelles\/gespraechskreis-fuer-trauernde\">hier<\/a>.<\/p>\n<p style=\"font-weight: 400;\">Wir beraten auch hinsichtlich weiterer Hilfsangebote. Bei Interesse oder Fragen nehmen Sie gerne mit unserer Trauerbegleiterin Gesine Maurer Kontakt auf.<\/p>\n<\/div><\/div><\/div><div class=\"fusion-layout-column fusion_builder_column fusion-builder-column-1 fusion_builder_column_1_4 1_4 fusion-flex-column\" style=\"--awb-padding-top:25px;--awb-bg-size:cover;--awb-width-large:25%;--awb-margin-top-large:0px;--awb-spacing-right-large:7.68%;--awb-margin-bottom-large:20px;--awb-spacing-left-large:7.68%;--awb-width-medium:25%;--awb-spacing-right-medium:7.68%;--awb-spacing-left-medium:7.68%;--awb-width-small:100%;--awb-spacing-right-small:1.92%;--awb-spacing-left-small:1.92%;\"><div class=\"fusion-column-wrapper fusion-flex-justify-content-flex-start fusion-content-layout-column\"><div class=\"fusion-person person fusion-person-center fusion-person-1 fusion-person-icon-top\" style=\"--awb-pic-style-color:var(--awb-color8);--awb-pic-borderradius:50%;--awb-margin-top:0px;--awb-margin-right:0px;--awb-margin-bottom:0px;--awb-margin-left:0px;--awb-social-box-border-top:0px;--awb-social-box-border-right:0px;--awb-social-box-border-bottom:0px;--awb-social-box-border-left:0px;--awb-social-box-border-color:var(--awb-color3);--awb-social-box-border-color-hover:var(--awb-color4);--awb-social-box-colors-hover:var(--awb-color1);--awb-social-icon-boxed-colors:var(--awb-color2);--awb-social-icon-colors:var(--awb-color6);--awb-social-icon-colors-hover:var(--awb-color4);\"><div class=\"person-shortcode-image-wrapper\"><div class=\"person-image-container hover-type-none person-rounded-overflow\" style=\"-webkit-border-radius:50%;-moz-border-radius:50%;border-radius:50%;border:0px solid var(--awb-color3);-webkit-border-radius:50%;-moz-border-radius:50%;border-radius:50%;\"><img decoding=\"async\" class=\"person-img img-responsive wp-image-4095\" width=\"250\" height=\"250\" src=\"https:\/\/hospizverein-wattenscheid.de\/neu\/wp-content\/uploads\/2024\/03\/Gesine_Maurer2.jpg\" alt=\"Gesine Maurer\" srcset=\"https:\/\/hospizverein-wattenscheid.de\/neu\/wp-content\/uploads\/2024\/03\/Gesine_Maurer2-200x200.jpg 200w, https:\/\/hospizverein-wattenscheid.de\/neu\/wp-content\/uploads\/2024\/03\/Gesine_Maurer2.jpg 250w\" sizes=\"(max-width: 640px) 100vw, 250px\" \/><\/div><\/div><div class=\"person-desc\" style=\"background-color:var(--awb-color1);padding:40px;margin-top:0;\"><div class=\"person-author\"><div class=\"person-author-wrapper\"><span class=\"person-name\">Gesine Maurer<\/span><span class=\"person-title\"><\/span><\/div><\/div><div class=\"person-content fusion-clearfix\"><\/div><\/div><\/div><\/div><\/div><\/div><\/div>\n","protected":false},"excerpt":{"rendered":"","protected":false},"author":2,"featured_media":0,"parent":1714,"menu_order":0,"comment_status":"closed","ping_status":"closed","template":"","meta":{"_bbp_topic_count":0,"_bbp_reply_count":0,"_bbp_total_topic_count":0,"_bbp_total_reply_count":0,"_bbp_voice_count":0,"_bbp_anonymous_reply_count":0,"_bbp_topic_count_hidden":0,"_bbp_reply_count_hidden":0,"_bbp_forum_subforum_count":0,"footnotes":""},"class_list":["post-388","page","type-page","status-publish","hentry"],"_links":{"self":[{"href":"https:\/\/hospizverein-wattenscheid.de\/neu\/wp-json\/wp\/v2\/pages\/388","targetHints":{"allow":["GET"]}}],"collection":[{"href":"https:\/\/hospizverein-wattenscheid.de\/neu\/wp-json\/wp\/v2\/pages"}],"about":[{"href":"https:\/\/hospizverein-wattenscheid.de\/neu\/wp-json\/wp\/v2\/types\/page"}],"author":[{"embeddable":true,"href":"https:\/\/hospizverein-wattenscheid.de\/neu\/wp-json\/wp\/v2\/users\/2"}],"replies":[{"embeddable":true,"href":"https:\/\/hospizverein-wattenscheid.de\/neu\/wp-json\/wp\/v2\/comments?post=388"}],"version-history":[{"count":15,"href":"https:\/\/hospizverein-wattenscheid.de\/neu\/wp-json\/wp\/v2\/pages\/388\/revisions"}],"predecessor-version":[{"id":4663,"href":"https:\/\/hospizverein-wattenscheid.de\/neu\/wp-json\/wp\/v2\/pages\/388\/revisions\/4663"}],"up":[{"embeddable":true,"href":"https:\/\/hospizverein-wattenscheid.de\/neu\/wp-json\/wp\/v2\/pages\/1714"}],"wp:attachment":[{"href":"https:\/\/hospizverein-wattenscheid.de\/neu\/wp-json\/wp\/v2\/media?parent=388"}],"curies":[{"name":"wp","href":"https:\/\/api.w.org\/{rel}","templated":true}]}}