{"id":40,"date":"2015-06-01T11:51:59","date_gmt":"2015-06-01T11:51:59","guid":{"rendered":"http:\/\/localhost\/?page_id=40"},"modified":"2026-04-14T12:30:45","modified_gmt":"2026-04-14T10:30:45","slug":"home-2","status":"publish","type":"page","link":"https:\/\/hospizverein-wattenscheid.de\/neu\/","title":{"rendered":"Home"},"content":{"rendered":"<p><div class=\"fusion-fullwidth fullwidth-box fusion-builder-row-1 fusion-flex-container hundred-percent-fullwidth non-hundred-percent-height-scrolling\" style=\"--awb-background-position:left top;--awb-border-sizes-top:0px;--awb-border-sizes-bottom:0px;--awb-border-sizes-left:0px;--awb-border-sizes-right:0px;--awb-border-radius-top-left:0px;--awb-border-radius-top-right:0px;--awb-border-radius-bottom-right:0px;--awb-border-radius-bottom-left:0px;--awb-padding-top:0px;--awb-padding-right:0px;--awb-padding-bottom:0px;--awb-padding-left:0px;--awb-margin-top:0px;--awb-margin-bottom:0px;--awb-flex-wrap:wrap;\" ><div class=\"fusion-builder-row fusion-row fusion-flex-align-items-stretch fusion-flex-content-wrap\" style=\"width:calc( 100% + 0px ) !important;max-width:calc( 100% + 0px ) !important;margin-left: calc(-0px \/ 2 );margin-right: calc(-0px \/ 2 );\"><div class=\"fusion-layout-column fusion_builder_column fusion-builder-column-0 fusion_builder_column_2_3 2_3 fusion-flex-column\" style=\"--awb-padding-top:20px;--awb-padding-right:15%;--awb-padding-bottom:20px;--awb-padding-left:15%;--awb-bg-position:center center;--awb-bg-size:cover;--awb-width-large:66.666666666667%;--awb-margin-top-large:0px;--awb-spacing-right-large:0px;--awb-margin-bottom-large:0px;--awb-spacing-left-large:0px;--awb-width-medium:66.666666666667%;--awb-spacing-right-medium:0px;--awb-spacing-left-medium:0px;--awb-width-small:100%;--awb-spacing-right-small:0px;--awb-spacing-left-small:0px;\"><div class=\"fusion-column-wrapper fusion-flex-justify-content-flex-start fusion-content-layout-column\"><div class=\"fusion-text fusion-text-1\"><h1>Willkommen<\/h1>\n<p>Wir begr\u00fc\u00dfen Sie herzlich auf der Webseite des Hospizvereins Wattenscheid e.V.<\/p>\n<p>Unser Ziel ist es, schwerstkranke, sterbende und trauernde Menschen in Krisenzeiten hilfreich zu begleiten und aktiv zu unterst\u00fctzen. Im Vordergrund stehen f\u00fcr uns dabei die Bed\u00fcrfnisse der Betroffenen, die unser Handeln bestimmen.<\/p>\n<p>Unser Angebot richtet sich an Menschen im eigenen Zuhause oder in Altenpflegeeinrichtungen, Krankenh\u00e4usern und Wohnheimen f\u00fcr Menschen mit Behinderungen. Mit unseren ehrenamtlichen Mitarbeitenden setzen wir uns f\u00fcr ein m\u00f6glichst selbstbestimmtes Leben ein. Wir bieten Ihnen an, gemeinsame Unterst\u00fctzungswege zu finden und diese gemeinsam zu gehen.<\/p>\n<p>Als Partner im Palliativnetz Bochum arbeiten wir eng mit ambulanten und station\u00e4ren Pflegeeinrichtungen, Krankenh\u00e4usern und Mediziner*innen zusammen.<\/p>\n<p>Das gesamte Angebot des Hospizvereins in der Sterbebegleitung und Trauerarbeit kann von denen, die es annehmen, kostenlos und unabh\u00e4ngig von Konfession, Nationalit\u00e4t und Alter genutzt werden.<\/p>\n<\/div><div class=\"fusion-separator fusion-full-width-sep\" style=\"align-self: center;margin-left: auto;margin-right: auto;margin-top:15px;width:100%;\"><div class=\"fusion-separator-border sep-double\" style=\"--awb-height:20px;--awb-amount:20px;border-color:var(--awb-color3);border-top-width:0px;border-bottom-width:0px;\"><\/div><\/div><div class=\"fusion-video fusion-youtube\" style=\"--awb-max-width:600px;--awb-max-height:350px;\"><div class=\"video-shortcode\"><div class=\"fluid-width-video-wrapper\" style=\"padding-top:58.33%;\" ><iframe title=\"YouTube video player 1\" src=\"https:\/\/www.youtube.com\/embed\/yommAjetN2g?wmode=transparent&autoplay=0\" width=\"600\" height=\"350\" allowfullscreen allow=\"autoplay; clipboard-write; encrypted-media; gyroscope; picture-in-picture;\"><\/iframe><\/div><\/div><\/div><div class=\"fusion-separator fusion-full-width-sep\" style=\"align-self: center;margin-left: auto;margin-right: auto;margin-top:15px;width:100%;\"><div class=\"fusion-separator-border sep-double\" style=\"--awb-height:20px;--awb-amount:20px;border-color:var(--awb-color3);border-top-width:0px;border-bottom-width:0px;\"><\/div><\/div><div class=\"fusion-text fusion-text-2\"><p>Hospizarbeit hei\u00dft: <b>Lebensqualit\u00e4t st\u00e4rken \u2013 bis zuletzt.<\/b> Der Film \u201eDas kann Hospizarbeit\u201c (<a href=\"https:\/\/www.dhpv.de\/start.html\">DHPV<\/a>) erkl\u00e4rt, wie Begleitung, Beratung und Entlastung f\u00fcr Betroffene und Angeh\u00f6rige aussehen k\u00f6nnen.<\/p>\n<p>Wir sind in Wattenscheid und Umgebung f\u00fcr Sie da \u2013 vertraulich, kostenfrei und mit Zeit. Sprechen Sie uns an.<\/p>\n<\/div><\/div><\/div><div class=\"fusion-layout-column fusion_builder_column fusion-builder-column-1 fusion_builder_column_1_3 1_3 fusion-flex-column\" style=\"--awb-padding-top:25px;--awb-padding-right:15%;--awb-padding-bottom:25px;--awb-padding-left:15%;--awb-bg-color:#f0f0f0;--awb-bg-color-hover:#f0f0f0;--awb-bg-size:cover;--awb-width-large:33.333333333333%;--awb-margin-top-large:0px;--awb-spacing-right-large:0px;--awb-margin-bottom-large:0px;--awb-spacing-left-large:0px;--awb-width-medium:33.333333333333%;--awb-spacing-right-medium:0px;--awb-spacing-left-medium:0px;--awb-width-small:100%;--awb-spacing-right-small:0px;--awb-spacing-left-small:0px;\"><div class=\"fusion-column-wrapper fusion-flex-justify-content-flex-start fusion-content-layout-column\"><div class=\"fusion-image-element \" style=\"text-align:center;--awb-caption-title-font-family:var(--h2_typography-font-family);--awb-caption-title-font-weight:var(--h2_typography-font-weight);--awb-caption-title-font-style:var(--h2_typography-font-style);--awb-caption-title-size:var(--h2_typography-font-size);--awb-caption-title-transform:var(--h2_typography-text-transform);--awb-caption-title-line-height:var(--h2_typography-line-height);--awb-caption-title-letter-spacing:var(--h2_typography-letter-spacing);\"><span class=\" fusion-imageframe imageframe-none imageframe-1 hover-type-none\"><a class=\"fusion-no-lightbox\" href=\"https:\/\/hospizverein-wattenscheid.de\/neu\/aktuelles\/befaehigungskurs-sterbebegleitung\" target=\"_self\" aria-label=\"Teaser_Befaehigungskurs_2024\"><img decoding=\"async\" width=\"300\" height=\"240\" src=\"https:\/\/hospizverein-wattenscheid.de\/neu\/wp-content\/uploads\/2024\/03\/Teaser_Befaehigungskurs_2024.jpg\" alt class=\"img-responsive wp-image-4058\" srcset=\"https:\/\/hospizverein-wattenscheid.de\/neu\/wp-content\/uploads\/2024\/03\/Teaser_Befaehigungskurs_2024-200x160.jpg 200w, https:\/\/hospizverein-wattenscheid.de\/neu\/wp-content\/uploads\/2024\/03\/Teaser_Befaehigungskurs_2024.jpg 300w\" sizes=\"(max-width: 640px) 100vw, 300px\" \/><\/a><\/span><\/div><div class=\"fusion-text fusion-text-3 fusion-text-no-margin\" style=\"--awb-margin-top:10px;--awb-margin-bottom:20px;\"><p class=\"csc-firstHeader\"><span style=\"font-size: 16px;\">Informationen zum Bef\u00e4higungskurs finden Sie <a href=\"https:\/\/hospizverein-wattenscheid.de\/neu\/aktuelles\/befaehigungskurs-sterbebegleitung\/\">hier<\/a>.<br \/>\n<\/span><\/p>\n<\/div><div class=\"fusion-image-element \" style=\"text-align:center;--awb-margin-bottom:0px;--awb-caption-title-font-family:var(--h2_typography-font-family);--awb-caption-title-font-weight:var(--h2_typography-font-weight);--awb-caption-title-font-style:var(--h2_typography-font-style);--awb-caption-title-size:var(--h2_typography-font-size);--awb-caption-title-transform:var(--h2_typography-text-transform);--awb-caption-title-line-height:var(--h2_typography-line-height);--awb-caption-title-letter-spacing:var(--h2_typography-letter-spacing);\"><span class=\" fusion-imageframe imageframe-none imageframe-2 hover-type-none\"><a class=\"fusion-no-lightbox\" href=\"https:\/\/hospizverein-wattenscheid.de\/neu\/aktuelles\/aktueller-letzte-hilfe-kurs\" target=\"_self\" aria-label=\"Teaser_Letzte_Hilfe_Kurs\"><img decoding=\"async\" width=\"300\" height=\"240\" src=\"https:\/\/hospizverein-wattenscheid.de\/neu\/wp-content\/uploads\/2026\/03\/Teaser_Letzte_Hilfe_Kurs.jpg\" alt class=\"img-responsive wp-image-4857\" srcset=\"https:\/\/hospizverein-wattenscheid.de\/neu\/wp-content\/uploads\/2026\/03\/Teaser_Letzte_Hilfe_Kurs-200x160.jpg 200w, https:\/\/hospizverein-wattenscheid.de\/neu\/wp-content\/uploads\/2026\/03\/Teaser_Letzte_Hilfe_Kurs.jpg 300w\" sizes=\"(max-width: 640px) 100vw, 300px\" \/><\/a><\/span><\/div><div class=\"fusion-text fusion-text-4 fusion-text-no-margin\" style=\"--awb-margin-top:10px;--awb-margin-bottom:20px;\"><p class=\"csc-firstHeader\"><span style=\"font-size: 16px;\">Informationen zum n\u00e4chsten Letzte-Hilfe-Kurs finden Sie <a href=\"https:\/\/hospizverein-wattenscheid.de\/neu\/aktuelles\/aktueller-letzte-hilfe-kurs\">hier<\/a>.<\/span><\/p>\n<\/div><div class=\"fusion-image-element \" style=\"text-align:center;--awb-margin-bottom:0px;--awb-caption-title-font-family:var(--h2_typography-font-family);--awb-caption-title-font-weight:var(--h2_typography-font-weight);--awb-caption-title-font-style:var(--h2_typography-font-style);--awb-caption-title-size:var(--h2_typography-font-size);--awb-caption-title-transform:var(--h2_typography-text-transform);--awb-caption-title-line-height:var(--h2_typography-line-height);--awb-caption-title-letter-spacing:var(--h2_typography-letter-spacing);\"><span class=\" fusion-imageframe imageframe-none imageframe-3 hover-type-none\"><a class=\"fusion-no-lightbox\" href=\"https:\/\/hospizverein-wattenscheid.de\/neu\/aktuelles\/termine\" target=\"_self\" aria-label=\"Teaser_Termine_neu\"><img decoding=\"async\" width=\"300\" height=\"240\" src=\"https:\/\/hospizverein-wattenscheid.de\/neu\/wp-content\/uploads\/2024\/07\/Teaser_Termine_neu.jpg\" alt class=\"img-responsive wp-image-4252\" srcset=\"https:\/\/hospizverein-wattenscheid.de\/neu\/wp-content\/uploads\/2024\/07\/Teaser_Termine_neu-200x160.jpg 200w, https:\/\/hospizverein-wattenscheid.de\/neu\/wp-content\/uploads\/2024\/07\/Teaser_Termine_neu.jpg 300w\" sizes=\"(max-width: 640px) 100vw, 300px\" \/><\/a><\/span><\/div><div class=\"fusion-text fusion-text-5 fusion-text-no-margin\" style=\"--awb-margin-top:10px;--awb-margin-bottom:20px;\"><p class=\"csc-firstHeader\"><span style=\"font-size: 16px;\">Details zu Terminen und Veranstaltungen gibt es <a href=\"https:\/\/hospizverein-wattenscheid.de\/neu\/aktuelles\/termine\">hier<\/a>.<\/span><\/p>\n<\/div><div class=\"fusion-text fusion-text-6\"><h3 style=\"text-align: left;\">Eigene Mitteilungen<\/h3>\n<\/div><div class=\"fusion-recent-posts fusion-recent-posts-1 avada-container layout-thumbnails-on-side layout-columns-1\"><section class=\"fusion-columns columns fusion-columns-1 columns-1\"><article class=\"post fusion-column column col col-lg-12 col-md-12 col-sm-12\"><div class=\"recent-posts-content\"><span class=\"vcard\" style=\"display: none;\"><span class=\"fn\"><a href=\"https:\/\/hospizverein-wattenscheid.de\/neu\/author\/kschirmer\/\" title=\"Beitr\u00e4ge von Kathrin Schirmer\" rel=\"author\">Kathrin Schirmer<\/a><\/span><\/span><span class=\"updated\" style=\"display:none;\">2026-03-10T09:53:17+01:00<\/span><h4 class=\"entry-title\"><a href=\"https:\/\/hospizverein-wattenscheid.de\/neu\/2026\/03\/10\/mehr-miteinander-am-lebensende\/\">Mehr Miteinander am Lebensende: Ambulanter Hospizdienst Wattenscheid und Altenheime st\u00e4rken Zusammenarbeit<\/a><\/h4><p class=\"meta\"><span class=\"vcard\" style=\"display: none;\"><span class=\"fn\"><a href=\"https:\/\/hospizverein-wattenscheid.de\/neu\/author\/kschirmer\/\" title=\"Beitr\u00e4ge von Kathrin Schirmer\" rel=\"author\">Kathrin Schirmer<\/a><\/span><\/span><span class=\"updated\" style=\"display:none;\">2026-03-10T09:53:17+01:00<\/span><span>10.03.2026<\/span><span class=\"fusion-inline-sep\">|<\/span><\/p><\/div><\/article><article class=\"post fusion-column column col col-lg-12 col-md-12 col-sm-12\"><div class=\"recent-posts-content\"><span class=\"vcard\" style=\"display: none;\"><span class=\"fn\"><a href=\"https:\/\/hospizverein-wattenscheid.de\/neu\/author\/kschirmer\/\" title=\"Beitr\u00e4ge von Kathrin Schirmer\" rel=\"author\">Kathrin Schirmer<\/a><\/span><\/span><span class=\"updated\" style=\"display:none;\">2026-02-04T17:54:37+01:00<\/span><h4 class=\"entry-title\"><a href=\"https:\/\/hospizverein-wattenscheid.de\/neu\/2026\/02\/02\/nachruf-friedhelm-neudorfer\/\">Nachruf auf Friedhelm Neudorf<\/a><\/h4><p class=\"meta\"><span class=\"vcard\" style=\"display: none;\"><span class=\"fn\"><a href=\"https:\/\/hospizverein-wattenscheid.de\/neu\/author\/kschirmer\/\" title=\"Beitr\u00e4ge von Kathrin Schirmer\" rel=\"author\">Kathrin Schirmer<\/a><\/span><\/span><span class=\"updated\" style=\"display:none;\">2026-02-04T17:54:37+01:00<\/span><span>02.02.2026<\/span><span class=\"fusion-inline-sep\">|<\/span><\/p><\/div><\/article><article class=\"post fusion-column column col col-lg-12 col-md-12 col-sm-12\"><div class=\"recent-posts-content\"><span class=\"vcard\" style=\"display: none;\"><span class=\"fn\"><a href=\"https:\/\/hospizverein-wattenscheid.de\/neu\/author\/kschirmer\/\" title=\"Beitr\u00e4ge von Kathrin Schirmer\" rel=\"author\">Kathrin Schirmer<\/a><\/span><\/span><span class=\"updated\" style=\"display:none;\">2025-12-19T14:28:12+01:00<\/span><h4 class=\"entry-title\"><a href=\"https:\/\/hospizverein-wattenscheid.de\/neu\/2025\/12\/19\/wattenscheider-chance\/\">Reibepl\u00e4tzchen, Teamgeist und 1.500 Euro f\u00fcr den Hospizverein Wattenscheid e.V.<\/a><\/h4><p class=\"meta\"><span class=\"vcard\" style=\"display: none;\"><span class=\"fn\"><a href=\"https:\/\/hospizverein-wattenscheid.de\/neu\/author\/kschirmer\/\" title=\"Beitr\u00e4ge von Kathrin Schirmer\" rel=\"author\">Kathrin Schirmer<\/a><\/span><\/span><span class=\"updated\" style=\"display:none;\">2025-12-19T14:28:12+01:00<\/span><span>19.12.2025<\/span><span class=\"fusion-inline-sep\">|<\/span><\/p><\/div><\/article><\/section><\/div><div class=\"fusion-text fusion-text-7\"><h3 style=\"text-align: left;\">Presseartikel<\/h3>\n<\/div><div class=\"fusion-recent-posts fusion-recent-posts-2 avada-container layout-thumbnails-on-side layout-columns-1\"><section class=\"fusion-columns columns fusion-columns-1 columns-1\"><article class=\"post fusion-column column col col-lg-12 col-md-12 col-sm-12\"><div class=\"recent-posts-content\"><span class=\"vcard\" style=\"display: none;\"><span class=\"fn\"><a href=\"https:\/\/hospizverein-wattenscheid.de\/neu\/author\/kschirmer\/\" title=\"Beitr\u00e4ge von Kathrin Schirmer\" rel=\"author\">Kathrin Schirmer<\/a><\/span><\/span><span class=\"updated\" style=\"display:none;\">2026-03-30T08:44:16+02:00<\/span><h4 class=\"entry-title\"><a href=\"https:\/\/hospizverein-wattenscheid.de\/neu\/2026\/03\/25\/hospizarbeit-in-seniorenheimen\/\">Hospizarbeit in Seniorenheimen<\/a><\/h4><p class=\"meta\"><span class=\"vcard\" style=\"display: none;\"><span class=\"fn\"><a href=\"https:\/\/hospizverein-wattenscheid.de\/neu\/author\/kschirmer\/\" title=\"Beitr\u00e4ge von Kathrin Schirmer\" rel=\"author\">Kathrin Schirmer<\/a><\/span><\/span><span class=\"updated\" style=\"display:none;\">2026-03-30T08:44:16+02:00<\/span><span>25.03.2026<\/span><span class=\"fusion-inline-sep\">|<\/span><\/p><\/div><\/article><article class=\"post fusion-column column col col-lg-12 col-md-12 col-sm-12\"><div class=\"recent-posts-content\"><span class=\"vcard\" style=\"display: none;\"><span class=\"fn\"><a href=\"https:\/\/hospizverein-wattenscheid.de\/neu\/author\/kschirmer\/\" title=\"Beitr\u00e4ge von Kathrin Schirmer\" rel=\"author\">Kathrin Schirmer<\/a><\/span><\/span><span class=\"updated\" style=\"display:none;\">2026-01-19T12:05:02+01:00<\/span><h4 class=\"entry-title\"><a href=\"https:\/\/hospizverein-wattenscheid.de\/neu\/2026\/01\/17\/sissis-naehcafe-basar-fuer-gute-zwecke\/\">Sissis N\u00e4hcaf\u00e9: Basar f\u00fcr gute Zwecke<\/a><\/h4><p class=\"meta\"><span class=\"vcard\" style=\"display: none;\"><span class=\"fn\"><a href=\"https:\/\/hospizverein-wattenscheid.de\/neu\/author\/kschirmer\/\" title=\"Beitr\u00e4ge von Kathrin Schirmer\" rel=\"author\">Kathrin Schirmer<\/a><\/span><\/span><span class=\"updated\" style=\"display:none;\">2026-01-19T12:05:02+01:00<\/span><span>17.01.2026<\/span><span class=\"fusion-inline-sep\">|<\/span><\/p><\/div><\/article><\/section><\/div><\/div><\/div><\/div><\/div><div class=\"fusion-fullwidth fullwidth-box fusion-builder-row-2 fusion-flex-container nonhundred-percent-fullwidth non-hundred-percent-height-scrolling\" style=\"--awb-border-radius-top-left:0px;--awb-border-radius-top-right:0px;--awb-border-radius-bottom-right:0px;--awb-border-radius-bottom-left:0px;--awb-padding-top:0px;--awb-padding-right:0px;--awb-padding-bottom:0px;--awb-padding-left:0px;--awb-margin-top:2px;--awb-margin-bottom:0px;--awb-flex-wrap:wrap;\" ><div class=\"fusion-builder-row fusion-row fusion-flex-align-items-flex-start fusion-flex-content-wrap\" style=\"max-width:1331.2px;margin-left: calc(-4% \/ 2 );margin-right: calc(-4% \/ 2 );\"><div class=\"fusion-layout-column fusion_builder_column fusion-builder-column-2 fusion_builder_column_1_1 1_1 fusion-flex-column\" style=\"--awb-bg-color:#f9e499;--awb-bg-color-hover:#f9e499;--awb-bg-size:cover;--awb-width-large:100%;--awb-margin-top-large:0px;--awb-spacing-right-large:1.92%;--awb-margin-bottom-large:0px;--awb-spacing-left-large:1.92%;--awb-width-medium:100%;--awb-spacing-right-medium:1.92%;--awb-spacing-left-medium:1.92%;--awb-width-small:100%;--awb-spacing-right-small:1.92%;--awb-spacing-left-small:1.92%;\"><div class=\"fusion-column-wrapper fusion-flex-justify-content-flex-start fusion-content-layout-column\"><div class=\"fusion-image-element \" style=\"text-align:center;--awb-caption-title-font-family:var(--h2_typography-font-family);--awb-caption-title-font-weight:var(--h2_typography-font-weight);--awb-caption-title-font-style:var(--h2_typography-font-style);--awb-caption-title-size:var(--h2_typography-font-size);--awb-caption-title-transform:var(--h2_typography-text-transform);--awb-caption-title-line-height:var(--h2_typography-line-height);--awb-caption-title-letter-spacing:var(--h2_typography-letter-spacing);\"><span class=\" fusion-imageframe imageframe-none imageframe-4 hover-type-none\"><img decoding=\"async\" width=\"1280\" height=\"300\" title=\"Bogen_1280x300\" src=\"http:\/\/hospizverein-wattenscheid.de\/neu\/wp-content\/uploads\/2019\/07\/Bogen_1280x300.png\" alt class=\"img-responsive wp-image-3074\" srcset=\"https:\/\/hospizverein-wattenscheid.de\/neu\/wp-content\/uploads\/2019\/07\/Bogen_1280x300-200x47.png 200w, https:\/\/hospizverein-wattenscheid.de\/neu\/wp-content\/uploads\/2019\/07\/Bogen_1280x300-400x94.png 400w, https:\/\/hospizverein-wattenscheid.de\/neu\/wp-content\/uploads\/2019\/07\/Bogen_1280x300-600x141.png 600w, https:\/\/hospizverein-wattenscheid.de\/neu\/wp-content\/uploads\/2019\/07\/Bogen_1280x300-800x188.png 800w, https:\/\/hospizverein-wattenscheid.de\/neu\/wp-content\/uploads\/2019\/07\/Bogen_1280x300-1200x281.png 1200w, https:\/\/hospizverein-wattenscheid.de\/neu\/wp-content\/uploads\/2019\/07\/Bogen_1280x300.png 1280w\" sizes=\"(max-width: 640px) 100vw, 1280px\" \/><\/span><\/div><\/div><\/div><\/div><\/div><\/p>\n","protected":false},"excerpt":{"rendered":"","protected":false},"author":2,"featured_media":0,"parent":0,"menu_order":0,"comment_status":"closed","ping_status":"open","template":"100-width.php","meta":{"_bbp_topic_count":0,"_bbp_reply_count":0,"_bbp_total_topic_count":0,"_bbp_total_reply_count":0,"_bbp_voice_count":0,"_bbp_anonymous_reply_count":0,"_bbp_topic_count_hidden":0,"_bbp_reply_count_hidden":0,"_bbp_forum_subforum_count":0,"footnotes":""},"class_list":["post-40","page","type-page","status-publish","hentry"],"_links":{"self":[{"href":"https:\/\/hospizverein-wattenscheid.de\/neu\/wp-json\/wp\/v2\/pages\/40","targetHints":{"allow":["GET"]}}],"collection":[{"href":"https:\/\/hospizverein-wattenscheid.de\/neu\/wp-json\/wp\/v2\/pages"}],"about":[{"href":"https:\/\/hospizverein-wattenscheid.de\/neu\/wp-json\/wp\/v2\/types\/page"}],"author":[{"embeddable":true,"href":"https:\/\/hospizverein-wattenscheid.de\/neu\/wp-json\/wp\/v2\/users\/2"}],"replies":[{"embeddable":true,"href":"https:\/\/hospizverein-wattenscheid.de\/neu\/wp-json\/wp\/v2\/comments?post=40"}],"version-history":[{"count":149,"href":"https:\/\/hospizverein-wattenscheid.de\/neu\/wp-json\/wp\/v2\/pages\/40\/revisions"}],"predecessor-version":[{"id":4881,"href":"https:\/\/hospizverein-wattenscheid.de\/neu\/wp-json\/wp\/v2\/pages\/40\/revisions\/4881"}],"wp:attachment":[{"href":"https:\/\/hospizverein-wattenscheid.de\/neu\/wp-json\/wp\/v2\/media?parent=40"}],"curies":[{"name":"wp","href":"https:\/\/api.w.org\/{rel}","templated":true}]}}