{"id":4842,"date":"2026-03-11T12:00:57","date_gmt":"2026-03-11T11:00:57","guid":{"rendered":"https:\/\/hospizverein-wattenscheid.de\/neu\/?page_id=4842"},"modified":"2026-03-16T09:36:26","modified_gmt":"2026-03-16T08:36:26","slug":"letzte-hilfe-kurs","status":"publish","type":"page","link":"https:\/\/hospizverein-wattenscheid.de\/neu\/unsere-angebote\/letzte-hilfe-kurs\/","title":{"rendered":"Letzte-Hilfe-Kurs"},"content":{"rendered":"<div class=\"fusion-fullwidth fullwidth-box fusion-builder-row-1 fusion-flex-container nonhundred-percent-fullwidth non-hundred-percent-height-scrolling\" style=\"--awb-border-sizes-top:0px;--awb-border-sizes-bottom:0px;--awb-border-sizes-left:0px;--awb-border-sizes-right:0px;--awb-border-radius-top-left:0px;--awb-border-radius-top-right:0px;--awb-border-radius-bottom-right:0px;--awb-border-radius-bottom-left:0px;--awb-padding-top:25px;--awb-padding-right:8%;--awb-padding-bottom:0px;--awb-padding-left:8%;--awb-flex-wrap:wrap;\" ><div class=\"fusion-builder-row fusion-row fusion-flex-align-items-flex-start fusion-flex-content-wrap\" style=\"max-width:1331.2px;margin-left: calc(-4% \/ 2 );margin-right: calc(-4% \/ 2 );\"><div class=\"fusion-layout-column fusion_builder_column fusion-builder-column-0 fusion_builder_column_1_1 1_1 fusion-flex-column\" style=\"--awb-bg-size:cover;--awb-width-large:100%;--awb-margin-top-large:0px;--awb-spacing-right-large:1.92%;--awb-margin-bottom-large:20px;--awb-spacing-left-large:1.92%;--awb-width-medium:100%;--awb-spacing-right-medium:1.92%;--awb-spacing-left-medium:1.92%;--awb-width-small:100%;--awb-spacing-right-small:1.92%;--awb-spacing-left-small:1.92%;\"><div class=\"fusion-column-wrapper fusion-flex-justify-content-flex-start fusion-content-layout-column\"><div class=\"fusion-text fusion-text-1\"><h1>Am Ende wissen, wie es geht \u2013<br \/>\nLetzte-Hilfe-Kurs des Hospizvereins Wattenscheid<\/h1>\n<p>Der Hospizverein Wattenscheid l\u00e4dt regelm\u00e4\u00dfig zu Letzte-Hilfe-Kursen ein. In rund vier Stunden vermitteln diese Kurse interessierten B\u00fcrgerinnen und B\u00fcrgern grundlegendes Wissen, um schwer kranke und sterbende Menschen im nahen Umfeld w\u00fcrdevoll zu begleiten. Der Kurs ist als Pendant zum Erste-Hilfe-Kurs f\u00fcr Laien gedacht und m\u00f6chte Sicherheit im Umgang mit den Themen Sterben, Tod und Trauer geben.<\/p>\n<p>Im Mittelpunkt stehen alltagsnahe und verst\u00e4ndliche Inhalte. Es geht nicht um wissenschaftliche Vertiefung, sondern um praktische Orientierung, einfache Handgriffe und konkrete Hilfestellungen, die auch in Familie, Freundeskreis und Nachbarschaft angewendet werden k\u00f6nnen. Die Teilnehmenden erfahren, wie sie Sterbenden Zuwendung schenken, Leiden lindern und in der letzten Lebensphase hilfreich zur Seite stehen k\u00f6nnen.<\/p>\n<p>Behandelt werden unter anderem die Themen Sterben als Teil des Lebens, Vorsorgen und Entscheiden, Leiden lindern sowie Abschied nehmen und Trauer. Auch einfache Ma\u00dfnahmen wie Mundpflege, Lagerung oder die Linderung von Beschwerden werden vorgestellt. Ziel des Kurses ist es, Ber\u00fchrungs\u00e4ngste abzubauen und Menschen zu ermutigen, sich Sterbenden zuzuwenden \u2013 denn gerade am Ende des Lebens brauchen wir Begleitung, N\u00e4he und Mitmenschlichkeit.<\/p>\n<p>Weitere Informationen finden Sie auf der Webseite der <a href=\"https:\/\/www.letztehilfe.info\/\">Letzte Hilfe Deutschland gGmbH<\/a>.<\/p>\n<p>Den Termin f\u00fcr den n\u00e4chsten Letzte-Hilfe-Kurs in den R\u00e4umen des Hospizverein Wattenscheid e. V. finden Sie <a href=\"https:\/\/hospizverein-wattenscheid.de\/neu\/aktuelles\/aktueller-letzte-hilfe-kurs\/\">hier<\/a>.<\/p>\n<\/div><\/div><\/div><\/div><\/div>\n","protected":false},"excerpt":{"rendered":"","protected":false},"author":2,"featured_media":0,"parent":1714,"menu_order":0,"comment_status":"closed","ping_status":"closed","template":"","meta":{"_bbp_topic_count":0,"_bbp_reply_count":0,"_bbp_total_topic_count":0,"_bbp_total_reply_count":0,"_bbp_voice_count":0,"_bbp_anonymous_reply_count":0,"_bbp_topic_count_hidden":0,"_bbp_reply_count_hidden":0,"_bbp_forum_subforum_count":0,"footnotes":""},"class_list":["post-4842","page","type-page","status-publish","hentry"],"_links":{"self":[{"href":"https:\/\/hospizverein-wattenscheid.de\/neu\/wp-json\/wp\/v2\/pages\/4842","targetHints":{"allow":["GET"]}}],"collection":[{"href":"https:\/\/hospizverein-wattenscheid.de\/neu\/wp-json\/wp\/v2\/pages"}],"about":[{"href":"https:\/\/hospizverein-wattenscheid.de\/neu\/wp-json\/wp\/v2\/types\/page"}],"author":[{"embeddable":true,"href":"https:\/\/hospizverein-wattenscheid.de\/neu\/wp-json\/wp\/v2\/users\/2"}],"replies":[{"embeddable":true,"href":"https:\/\/hospizverein-wattenscheid.de\/neu\/wp-json\/wp\/v2\/comments?post=4842"}],"version-history":[{"count":9,"href":"https:\/\/hospizverein-wattenscheid.de\/neu\/wp-json\/wp\/v2\/pages\/4842\/revisions"}],"predecessor-version":[{"id":4864,"href":"https:\/\/hospizverein-wattenscheid.de\/neu\/wp-json\/wp\/v2\/pages\/4842\/revisions\/4864"}],"up":[{"embeddable":true,"href":"https:\/\/hospizverein-wattenscheid.de\/neu\/wp-json\/wp\/v2\/pages\/1714"}],"wp:attachment":[{"href":"https:\/\/hospizverein-wattenscheid.de\/neu\/wp-json\/wp\/v2\/media?parent=4842"}],"curies":[{"name":"wp","href":"https:\/\/api.w.org\/{rel}","templated":true}]}}