{"id":611,"date":"2015-09-21T17:28:53","date_gmt":"2015-09-21T15:28:53","guid":{"rendered":"http:\/\/localhost\/?page_id=611"},"modified":"2026-01-09T12:50:47","modified_gmt":"2026-01-09T11:50:47","slug":"der-vorstand","status":"publish","type":"page","link":"https:\/\/hospizverein-wattenscheid.de\/neu\/ueber-uns\/der-vorstand\/","title":{"rendered":"Der Vorstand"},"content":{"rendered":"<p><div class=\"fusion-fullwidth fullwidth-box fusion-builder-row-1 fusion-flex-container nonhundred-percent-fullwidth non-hundred-percent-height-scrolling\" style=\"--awb-background-position:left top;--awb-border-radius-top-left:0px;--awb-border-radius-top-right:0px;--awb-border-radius-bottom-right:0px;--awb-border-radius-bottom-left:0px;--awb-padding-top:25px;--awb-padding-right:8%;--awb-padding-bottom:25px;--awb-padding-left:8%;--awb-flex-wrap:wrap;\" ><div class=\"fusion-builder-row fusion-row fusion-flex-align-items-flex-start fusion-flex-content-wrap\" style=\"max-width:1331.2px;margin-left: calc(-4% \/ 2 );margin-right: calc(-4% \/ 2 );\"><div class=\"fusion-layout-column fusion_builder_column fusion-builder-column-0 fusion_builder_column_1_1 1_1 fusion-flex-column fusion-flex-align-self-flex-start fusion-column-no-min-height\" style=\"--awb-bg-size:cover;--awb-width-large:100%;--awb-margin-top-large:0px;--awb-spacing-right-large:1.92%;--awb-margin-bottom-large:0px;--awb-spacing-left-large:1.92%;--awb-width-medium:100%;--awb-spacing-right-medium:1.92%;--awb-spacing-left-medium:1.92%;--awb-width-small:100%;--awb-spacing-right-small:1.92%;--awb-spacing-left-small:1.92%;\"><div class=\"fusion-column-wrapper fusion-flex-justify-content-flex-start fusion-content-layout-column\"><div class=\"fusion-text fusion-text-1\"><h1>Der Vorstand<\/h1>\n<p>Satzungsgem\u00e4\u00df w\u00e4hlen die Mitglieder alle 4 Jahre einen siebenk\u00f6pfigen Vorstand, der die rechtswirksame Vertretung des Vereins sowie die Gesch\u00e4ftsf\u00fchrung verantwortet. Aktuell geh\u00f6ren dem Vorstand an:<\/p>\n<ul>\n<li>Anke Schulz-Najda, Vorsitzende<br \/>\nVerwaltungsleiterin Folkwang-Musikschule<\/li>\n<li>Wolfgang Jaspert, gesch\u00e4ftsf\u00fchrendes Vorstandsmitglied<br \/>\nFinanzwirt<\/li>\n<li>Berthold Dieckmann, Schatzmeister, Stellvertretender Vorsitzender<br \/>\nAbteilungsleiter Controlling im Diakoniewerk Essen<\/li>\n<\/ul>\n<p>Beisitzer:<\/p>\n<ul>\n<li>Dr. Klaus Egen, Beisitzer<br \/>\nNiedergelassener Allgemein- und Palliativmediziner<\/li>\n<li>Hans-J\u00fcrgen Rempe, Beisitzer<br \/>\nEhem. Gesch\u00e4ftsf\u00fchrer einer station\u00e4ren Altenhilfe-Einrichtung<\/li>\n<li>Sandra Umlauf, Beisitzerin<br \/>\nLeiterin eines Hausbetreuungsdienstes<\/li>\n<li>Ronald Voigt, Beisitzer<br \/>\nRechtsanwalt und Notar<\/li>\n<\/ul>\n<\/div><\/div><\/div><\/div><\/div><div class=\"fusion-fullwidth fullwidth-box fusion-builder-row-2 fusion-flex-container has-pattern-background has-mask-background nonhundred-percent-fullwidth non-hundred-percent-height-scrolling\" style=\"--awb-border-radius-top-left:0px;--awb-border-radius-top-right:0px;--awb-border-radius-bottom-right:0px;--awb-border-radius-bottom-left:0px;--awb-padding-top:25px;--awb-padding-right:8%;--awb-padding-bottom:10px;--awb-padding-left:8%;--awb-flex-wrap:wrap;\" ><div class=\"fusion-builder-row fusion-row fusion-flex-align-items-flex-start fusion-flex-content-wrap\" style=\"max-width:1331.2px;margin-left: calc(-4% \/ 2 );margin-right: calc(-4% \/ 2 );\"><div class=\"fusion-layout-column fusion_builder_column fusion-builder-column-1 fusion_builder_column_1_4 1_4 fusion-flex-column\" style=\"--awb-bg-size:cover;--awb-width-large:25%;--awb-margin-top-large:0px;--awb-spacing-right-large:7.68%;--awb-margin-bottom-large:20px;--awb-spacing-left-large:7.68%;--awb-width-medium:25%;--awb-spacing-right-medium:7.68%;--awb-spacing-left-medium:7.68%;--awb-width-small:100%;--awb-spacing-right-small:1.92%;--awb-spacing-left-small:1.92%;\"><div class=\"fusion-column-wrapper fusion-flex-justify-content-flex-start fusion-content-layout-column\"><div class=\"fusion-person person fusion-person-center fusion-person-1 fusion-person-icon-top\" style=\"--awb-pic-style-color:var(--awb-color8);--awb-pic-borderradius:50%;--awb-margin-top:0px;--awb-margin-right:0px;--awb-margin-bottom:0px;--awb-margin-left:0px;--awb-social-box-border-top:0px;--awb-social-box-border-right:0px;--awb-social-box-border-bottom:0px;--awb-social-box-border-left:0px;--awb-social-box-border-color:var(--awb-color3);--awb-social-box-border-color-hover:var(--awb-color4);--awb-social-box-colors-hover:var(--awb-color1);--awb-social-icon-boxed-colors:var(--awb-color2);--awb-social-icon-colors:var(--awb-color6);--awb-social-icon-colors-hover:var(--awb-color4);\"><div class=\"person-shortcode-image-wrapper\"><div class=\"person-image-container hover-type-none person-rounded-overflow\" style=\"-webkit-border-radius:50%;-moz-border-radius:50%;border-radius:50%;border:0px solid var(--awb-color3);-webkit-border-radius:50%;-moz-border-radius:50%;border-radius:50%;\"><img decoding=\"async\" class=\"person-img img-responsive wp-image-2871\" width=\"250\" height=\"250\" src=\"http:\/\/hospizverein-wattenscheid.de\/neu\/wp-content\/uploads\/2019\/07\/Anke_Schulz_Najda.jpg\" alt=\"Anke Schulz-Najda\" srcset=\"https:\/\/hospizverein-wattenscheid.de\/neu\/wp-content\/uploads\/2019\/07\/Anke_Schulz_Najda-200x200.jpg 200w, https:\/\/hospizverein-wattenscheid.de\/neu\/wp-content\/uploads\/2019\/07\/Anke_Schulz_Najda.jpg 250w\" sizes=\"(max-width: 640px) 100vw, 250px\" \/><\/div><\/div><div class=\"person-desc\" style=\"background-color:var(--awb-color1);padding:40px;margin-top:0;\"><div class=\"person-author\"><div class=\"person-author-wrapper\"><span class=\"person-name\">Anke Schulz-Najda<\/span><span class=\"person-title\"><\/span><\/div><\/div><div class=\"person-content fusion-clearfix\"><\/div><\/div><\/div><\/div><\/div><div class=\"fusion-layout-column fusion_builder_column fusion-builder-column-2 fusion_builder_column_1_4 1_4 fusion-flex-column\" style=\"--awb-bg-size:cover;--awb-width-large:25%;--awb-margin-top-large:0px;--awb-spacing-right-large:7.68%;--awb-margin-bottom-large:20px;--awb-spacing-left-large:7.68%;--awb-width-medium:25%;--awb-spacing-right-medium:7.68%;--awb-spacing-left-medium:7.68%;--awb-width-small:100%;--awb-spacing-right-small:1.92%;--awb-spacing-left-small:1.92%;\"><div class=\"fusion-column-wrapper fusion-flex-justify-content-flex-start fusion-content-layout-column\"><div class=\"fusion-person person fusion-person-center fusion-person-2 fusion-person-icon-top\" style=\"--awb-pic-style-color:var(--awb-color8);--awb-pic-borderradius:50%;--awb-margin-top:0px;--awb-margin-right:0px;--awb-margin-bottom:0px;--awb-margin-left:0px;--awb-social-box-border-top:0px;--awb-social-box-border-right:0px;--awb-social-box-border-bottom:0px;--awb-social-box-border-left:0px;--awb-social-box-border-color:var(--awb-color3);--awb-social-box-border-color-hover:var(--awb-color4);--awb-social-box-colors-hover:var(--awb-color1);--awb-social-icon-boxed-colors:var(--awb-color2);--awb-social-icon-colors:var(--awb-color6);--awb-social-icon-colors-hover:var(--awb-color4);\"><div class=\"person-shortcode-image-wrapper\"><div class=\"person-image-container hover-type-none person-rounded-overflow\" style=\"-webkit-border-radius:50%;-moz-border-radius:50%;border-radius:50%;border:0px solid var(--awb-color3);-webkit-border-radius:50%;-moz-border-radius:50%;border-radius:50%;\"><img decoding=\"async\" class=\"person-img img-responsive wp-image-4090\" width=\"250\" height=\"250\" src=\"https:\/\/hospizverein-wattenscheid.de\/neu\/wp-content\/uploads\/2024\/03\/Wolfgang_Jaspert2.jpg\" alt=\"Wolfgang Jaspert\" srcset=\"https:\/\/hospizverein-wattenscheid.de\/neu\/wp-content\/uploads\/2024\/03\/Wolfgang_Jaspert2-200x200.jpg 200w, https:\/\/hospizverein-wattenscheid.de\/neu\/wp-content\/uploads\/2024\/03\/Wolfgang_Jaspert2.jpg 250w\" sizes=\"(max-width: 640px) 100vw, 250px\" \/><\/div><\/div><div class=\"person-desc\" style=\"background-color:var(--awb-color1);padding:40px;margin-top:0;\"><div class=\"person-author\"><div class=\"person-author-wrapper\"><span class=\"person-name\">Wolfgang Jaspert<\/span><span class=\"person-title\"><\/span><\/div><\/div><div class=\"person-content fusion-clearfix\"><\/div><\/div><\/div><\/div><\/div><div class=\"fusion-layout-column fusion_builder_column fusion-builder-column-3 fusion_builder_column_1_4 1_4 fusion-flex-column\" style=\"--awb-bg-size:cover;--awb-width-large:25%;--awb-margin-top-large:0px;--awb-spacing-right-large:7.68%;--awb-margin-bottom-large:20px;--awb-spacing-left-large:7.68%;--awb-width-medium:25%;--awb-spacing-right-medium:7.68%;--awb-spacing-left-medium:7.68%;--awb-width-small:100%;--awb-spacing-right-small:1.92%;--awb-spacing-left-small:1.92%;\"><div class=\"fusion-column-wrapper fusion-flex-justify-content-flex-start fusion-content-layout-column\"><div class=\"fusion-person person fusion-person-center fusion-person-3 fusion-person-icon-top\" style=\"--awb-pic-style-color:var(--awb-color8);--awb-pic-borderradius:50%;--awb-margin-top:0px;--awb-margin-right:0px;--awb-margin-bottom:0px;--awb-margin-left:0px;--awb-social-box-border-top:0px;--awb-social-box-border-right:0px;--awb-social-box-border-bottom:0px;--awb-social-box-border-left:0px;--awb-social-box-border-color:var(--awb-color3);--awb-social-box-border-color-hover:var(--awb-color4);--awb-social-box-colors-hover:var(--awb-color1);--awb-social-icon-boxed-colors:var(--awb-color2);--awb-social-icon-colors:var(--awb-color6);--awb-social-icon-colors-hover:var(--awb-color4);\"><div class=\"person-shortcode-image-wrapper\"><div class=\"person-image-container hover-type-none person-rounded-overflow\" style=\"-webkit-border-radius:50%;-moz-border-radius:50%;border-radius:50%;border:0px solid var(--awb-color3);-webkit-border-radius:50%;-moz-border-radius:50%;border-radius:50%;\"><img decoding=\"async\" class=\"person-img img-responsive wp-image-4594\" width=\"250\" height=\"250\" src=\"https:\/\/hospizverein-wattenscheid.de\/neu\/wp-content\/uploads\/2025\/05\/Berthold_Dieckmann.jpg\" alt=\"Berthold Dieckmann\" srcset=\"https:\/\/hospizverein-wattenscheid.de\/neu\/wp-content\/uploads\/2025\/05\/Berthold_Dieckmann-200x200.jpg 200w, https:\/\/hospizverein-wattenscheid.de\/neu\/wp-content\/uploads\/2025\/05\/Berthold_Dieckmann.jpg 250w\" sizes=\"(max-width: 640px) 100vw, 250px\" \/><\/div><\/div><div class=\"person-desc\" style=\"background-color:var(--awb-color1);padding:40px;margin-top:0;\"><div class=\"person-author\"><div class=\"person-author-wrapper\"><span class=\"person-name\">Berthold Dieckmann<\/span><span class=\"person-title\"><\/span><\/div><\/div><div class=\"person-content fusion-clearfix\"><\/div><\/div><\/div><\/div><\/div><\/div><\/div><div class=\"fusion-fullwidth fullwidth-box fusion-builder-row-3 fusion-flex-container has-pattern-background has-mask-background nonhundred-percent-fullwidth non-hundred-percent-height-scrolling\" style=\"--awb-border-radius-top-left:0px;--awb-border-radius-top-right:0px;--awb-border-radius-bottom-right:0px;--awb-border-radius-bottom-left:0px;--awb-padding-top:10px;--awb-padding-right:8%;--awb-padding-bottom:25px;--awb-padding-left:8%;--awb-flex-wrap:wrap;\" ><div class=\"fusion-builder-row fusion-row fusion-flex-align-items-flex-start fusion-flex-content-wrap\" style=\"max-width:1331.2px;margin-left: calc(-4% \/ 2 );margin-right: calc(-4% \/ 2 );\"><div class=\"fusion-layout-column fusion_builder_column fusion-builder-column-4 fusion_builder_column_1_4 1_4 fusion-flex-column\" style=\"--awb-bg-size:cover;--awb-width-large:25%;--awb-margin-top-large:0px;--awb-spacing-right-large:7.68%;--awb-margin-bottom-large:20px;--awb-spacing-left-large:7.68%;--awb-width-medium:25%;--awb-spacing-right-medium:7.68%;--awb-spacing-left-medium:7.68%;--awb-width-small:100%;--awb-spacing-right-small:1.92%;--awb-spacing-left-small:1.92%;\"><div class=\"fusion-column-wrapper fusion-flex-justify-content-flex-start fusion-content-layout-column\"><div class=\"fusion-person person fusion-person-center fusion-person-4 fusion-person-icon-top\" style=\"--awb-pic-style-color:var(--awb-color8);--awb-pic-borderradius:50%;--awb-margin-top:0px;--awb-margin-right:0px;--awb-margin-bottom:0px;--awb-margin-left:0px;--awb-social-box-border-top:0px;--awb-social-box-border-right:0px;--awb-social-box-border-bottom:0px;--awb-social-box-border-left:0px;--awb-social-box-border-color:var(--awb-color3);--awb-social-box-border-color-hover:var(--awb-color4);--awb-social-box-colors-hover:var(--awb-color1);--awb-social-icon-boxed-colors:var(--awb-color2);--awb-social-icon-colors:var(--awb-color6);--awb-social-icon-colors-hover:var(--awb-color4);\"><div class=\"person-shortcode-image-wrapper\"><div class=\"person-image-container hover-type-none person-rounded-overflow\" style=\"-webkit-border-radius:50%;-moz-border-radius:50%;border-radius:50%;border:0px solid var(--awb-color3);-webkit-border-radius:50%;-moz-border-radius:50%;border-radius:50%;\"><img decoding=\"async\" class=\"person-img img-responsive wp-image-2876\" width=\"250\" height=\"250\" src=\"http:\/\/hospizverein-wattenscheid.de\/neu\/wp-content\/uploads\/2019\/07\/Dr_Klaus_Egen.jpg\" alt=\"Dr. Klaus Egen\" srcset=\"https:\/\/hospizverein-wattenscheid.de\/neu\/wp-content\/uploads\/2019\/07\/Dr_Klaus_Egen-200x200.jpg 200w, https:\/\/hospizverein-wattenscheid.de\/neu\/wp-content\/uploads\/2019\/07\/Dr_Klaus_Egen.jpg 250w\" sizes=\"(max-width: 640px) 100vw, 250px\" \/><\/div><\/div><div class=\"person-desc\" style=\"background-color:var(--awb-color1);padding:40px;margin-top:0;\"><div class=\"person-author\"><div class=\"person-author-wrapper\"><span class=\"person-name\">Dr. Klaus Egen<\/span><span class=\"person-title\"><\/span><\/div><\/div><div class=\"person-content fusion-clearfix\"><\/div><\/div><\/div><\/div><\/div><div class=\"fusion-layout-column fusion_builder_column fusion-builder-column-5 fusion_builder_column_1_4 1_4 fusion-flex-column\" style=\"--awb-bg-size:cover;--awb-width-large:25%;--awb-margin-top-large:0px;--awb-spacing-right-large:7.68%;--awb-margin-bottom-large:20px;--awb-spacing-left-large:7.68%;--awb-width-medium:25%;--awb-spacing-right-medium:7.68%;--awb-spacing-left-medium:7.68%;--awb-width-small:100%;--awb-spacing-right-small:1.92%;--awb-spacing-left-small:1.92%;\"><div class=\"fusion-column-wrapper fusion-flex-justify-content-flex-start fusion-content-layout-column\"><div class=\"fusion-person person fusion-person-center fusion-person-5 fusion-person-icon-top\" style=\"--awb-pic-style-color:var(--awb-color8);--awb-pic-borderradius:50%;--awb-margin-top:0px;--awb-margin-right:0px;--awb-margin-bottom:0px;--awb-margin-left:0px;--awb-social-box-border-top:0px;--awb-social-box-border-right:0px;--awb-social-box-border-bottom:0px;--awb-social-box-border-left:0px;--awb-social-box-border-color:var(--awb-color3);--awb-social-box-border-color-hover:var(--awb-color4);--awb-social-box-colors-hover:var(--awb-color1);--awb-social-icon-boxed-colors:var(--awb-color2);--awb-social-icon-colors:var(--awb-color6);--awb-social-icon-colors-hover:var(--awb-color4);\"><div class=\"person-shortcode-image-wrapper\"><div class=\"person-image-container hover-type-none person-rounded-overflow\" style=\"-webkit-border-radius:50%;-moz-border-radius:50%;border-radius:50%;border:0px solid var(--awb-color3);-webkit-border-radius:50%;-moz-border-radius:50%;border-radius:50%;\"><img decoding=\"async\" class=\"person-img img-responsive wp-image-3685\" width=\"250\" height=\"250\" src=\"https:\/\/hospizverein-wattenscheid.de\/neu\/wp-content\/uploads\/2022\/03\/Hans_Juergen_Rempe.jpg\" alt=\"Hans-J\u00fcrgen Rempe\" srcset=\"https:\/\/hospizverein-wattenscheid.de\/neu\/wp-content\/uploads\/2022\/03\/Hans_Juergen_Rempe-200x200.jpg 200w, https:\/\/hospizverein-wattenscheid.de\/neu\/wp-content\/uploads\/2022\/03\/Hans_Juergen_Rempe.jpg 250w\" sizes=\"(max-width: 640px) 100vw, 250px\" \/><\/div><\/div><div class=\"person-desc\" style=\"background-color:var(--awb-color1);padding:40px;margin-top:0;\"><div class=\"person-author\"><div class=\"person-author-wrapper\"><span class=\"person-name\">Hans-J\u00fcrgen Rempe<\/span><span class=\"person-title\"><\/span><\/div><\/div><div class=\"person-content fusion-clearfix\"><\/div><\/div><\/div><\/div><\/div><div class=\"fusion-layout-column fusion_builder_column fusion-builder-column-6 fusion_builder_column_1_4 1_4 fusion-flex-column\" style=\"--awb-bg-size:cover;--awb-width-large:25%;--awb-margin-top-large:0px;--awb-spacing-right-large:7.68%;--awb-margin-bottom-large:20px;--awb-spacing-left-large:7.68%;--awb-width-medium:25%;--awb-spacing-right-medium:7.68%;--awb-spacing-left-medium:7.68%;--awb-width-small:100%;--awb-spacing-right-small:1.92%;--awb-spacing-left-small:1.92%;\"><div class=\"fusion-column-wrapper fusion-flex-justify-content-flex-start fusion-content-layout-column\"><div class=\"fusion-person person fusion-person-center fusion-person-6 fusion-person-icon-top\" style=\"--awb-pic-style-color:var(--awb-color8);--awb-pic-borderradius:50%;--awb-margin-top:0px;--awb-margin-right:0px;--awb-margin-bottom:0px;--awb-margin-left:0px;--awb-social-box-border-top:0px;--awb-social-box-border-right:0px;--awb-social-box-border-bottom:0px;--awb-social-box-border-left:0px;--awb-social-box-border-color:var(--awb-color3);--awb-social-box-border-color-hover:var(--awb-color4);--awb-social-box-colors-hover:var(--awb-color1);--awb-social-icon-boxed-colors:var(--awb-color2);--awb-social-icon-colors:var(--awb-color6);--awb-social-icon-colors-hover:var(--awb-color4);\"><div class=\"person-shortcode-image-wrapper\"><div class=\"person-image-container hover-type-none person-rounded-overflow\" style=\"-webkit-border-radius:50%;-moz-border-radius:50%;border-radius:50%;border:0px solid var(--awb-color3);-webkit-border-radius:50%;-moz-border-radius:50%;border-radius:50%;\"><img decoding=\"async\" class=\"person-img img-responsive wp-image-4694\" width=\"250\" height=\"250\" src=\"https:\/\/hospizverein-wattenscheid.de\/neu\/wp-content\/uploads\/2025\/09\/Sandra_Umlauf.jpg\" alt=\"Sandra Umlauf\" srcset=\"https:\/\/hospizverein-wattenscheid.de\/neu\/wp-content\/uploads\/2025\/09\/Sandra_Umlauf-200x200.jpg 200w, https:\/\/hospizverein-wattenscheid.de\/neu\/wp-content\/uploads\/2025\/09\/Sandra_Umlauf.jpg 250w\" sizes=\"(max-width: 640px) 100vw, 250px\" \/><\/div><\/div><div class=\"person-desc\" style=\"background-color:var(--awb-color1);padding:40px;margin-top:0;\"><div class=\"person-author\"><div class=\"person-author-wrapper\"><span class=\"person-name\">Sandra Umlauf<\/span><span class=\"person-title\"><\/span><\/div><\/div><div class=\"person-content fusion-clearfix\"><\/div><\/div><\/div><\/div><\/div><div class=\"fusion-layout-column fusion_builder_column fusion-builder-column-7 fusion_builder_column_1_4 1_4 fusion-flex-column\" style=\"--awb-bg-size:cover;--awb-width-large:25%;--awb-margin-top-large:0px;--awb-spacing-right-large:7.68%;--awb-margin-bottom-large:20px;--awb-spacing-left-large:7.68%;--awb-width-medium:25%;--awb-spacing-right-medium:7.68%;--awb-spacing-left-medium:7.68%;--awb-width-small:100%;--awb-spacing-right-small:1.92%;--awb-spacing-left-small:1.92%;\"><div class=\"fusion-column-wrapper fusion-flex-justify-content-flex-start fusion-content-layout-column\"><div class=\"fusion-person person fusion-person-center fusion-person-7 fusion-person-icon-top\" style=\"--awb-pic-style-color:var(--awb-color8);--awb-pic-borderradius:50%;--awb-margin-top:0px;--awb-margin-right:0px;--awb-margin-bottom:0px;--awb-margin-left:0px;--awb-social-box-border-top:0px;--awb-social-box-border-right:0px;--awb-social-box-border-bottom:0px;--awb-social-box-border-left:0px;--awb-social-box-border-color:var(--awb-color3);--awb-social-box-border-color-hover:var(--awb-color4);--awb-social-box-colors-hover:var(--awb-color1);--awb-social-icon-boxed-colors:var(--awb-color2);--awb-social-icon-colors:var(--awb-color6);--awb-social-icon-colors-hover:var(--awb-color4);\"><div class=\"person-shortcode-image-wrapper\"><div class=\"person-image-container hover-type-none person-rounded-overflow\" style=\"-webkit-border-radius:50%;-moz-border-radius:50%;border-radius:50%;border:0px solid var(--awb-color3);-webkit-border-radius:50%;-moz-border-radius:50%;border-radius:50%;\"><img decoding=\"async\" class=\"person-img img-responsive wp-image-2879\" width=\"250\" height=\"250\" src=\"http:\/\/hospizverein-wattenscheid.de\/neu\/wp-content\/uploads\/2019\/07\/Ronald_Voigt.jpg\" alt=\"Ronald Voigt\" srcset=\"https:\/\/hospizverein-wattenscheid.de\/neu\/wp-content\/uploads\/2019\/07\/Ronald_Voigt-200x200.jpg 200w, https:\/\/hospizverein-wattenscheid.de\/neu\/wp-content\/uploads\/2019\/07\/Ronald_Voigt.jpg 250w\" sizes=\"(max-width: 640px) 100vw, 250px\" \/><\/div><\/div><div class=\"person-desc\" style=\"background-color:var(--awb-color1);padding:40px;margin-top:0;\"><div class=\"person-author\"><div class=\"person-author-wrapper\"><span class=\"person-name\">Ronald Voigt<\/span><span class=\"person-title\"><\/span><\/div><\/div><div class=\"person-content fusion-clearfix\"><\/div><\/div><\/div><\/div><\/div><\/div><\/div><\/p>\n","protected":false},"excerpt":{"rendered":"","protected":false},"author":2,"featured_media":0,"parent":613,"menu_order":0,"comment_status":"closed","ping_status":"closed","template":"","meta":{"_bbp_topic_count":0,"_bbp_reply_count":0,"_bbp_total_topic_count":0,"_bbp_total_reply_count":0,"_bbp_voice_count":0,"_bbp_anonymous_reply_count":0,"_bbp_topic_count_hidden":0,"_bbp_reply_count_hidden":0,"_bbp_forum_subforum_count":0,"footnotes":""},"class_list":["post-611","page","type-page","status-publish","hentry"],"_links":{"self":[{"href":"https:\/\/hospizverein-wattenscheid.de\/neu\/wp-json\/wp\/v2\/pages\/611","targetHints":{"allow":["GET"]}}],"collection":[{"href":"https:\/\/hospizverein-wattenscheid.de\/neu\/wp-json\/wp\/v2\/pages"}],"about":[{"href":"https:\/\/hospizverein-wattenscheid.de\/neu\/wp-json\/wp\/v2\/types\/page"}],"author":[{"embeddable":true,"href":"https:\/\/hospizverein-wattenscheid.de\/neu\/wp-json\/wp\/v2\/users\/2"}],"replies":[{"embeddable":true,"href":"https:\/\/hospizverein-wattenscheid.de\/neu\/wp-json\/wp\/v2\/comments?post=611"}],"version-history":[{"count":18,"href":"https:\/\/hospizverein-wattenscheid.de\/neu\/wp-json\/wp\/v2\/pages\/611\/revisions"}],"predecessor-version":[{"id":4768,"href":"https:\/\/hospizverein-wattenscheid.de\/neu\/wp-json\/wp\/v2\/pages\/611\/revisions\/4768"}],"up":[{"embeddable":true,"href":"https:\/\/hospizverein-wattenscheid.de\/neu\/wp-json\/wp\/v2\/pages\/613"}],"wp:attachment":[{"href":"https:\/\/hospizverein-wattenscheid.de\/neu\/wp-json\/wp\/v2\/media?parent=611"}],"curies":[{"name":"wp","href":"https:\/\/api.w.org\/{rel}","templated":true}]}}